{"id":76709,"date":"2024-04-17T17:31:43","date_gmt":"2024-04-17T16:31:43","guid":{"rendered":"https:\/\/staging.thehexabytesolutions.com\/microsoft\/"},"modified":"2024-05-23T22:32:49","modified_gmt":"2024-05-23T22:32:49","slug":"microsoft","status":"publish","type":"page","link":"https:\/\/aalborg-it.com\/de\/microsoft\/","title":{"rendered":"Microsoft"},"content":{"rendered":"\t\t<div data-elementor-type=\"wp-page\" data-elementor-id=\"76709\" class=\"elementor elementor-76709 elementor-76639\">\n\t\t\t\t\t\t<section class=\"elementor-section elementor-top-section elementor-element elementor-element-9f6a12c elementor-section-boxed elementor-section-height-default elementor-section-height-default\" data-id=\"9f6a12c\" data-element_type=\"section\" data-e-type=\"section\">\n\t\t\t\t\t\t<div class=\"elementor-container elementor-column-gap-default\">\n\t\t\t\t\t<div class=\" elementor-column elementor-col-50 elementor-top-column elementor-element elementor-element-fb0b18d\" data-fullscreen-column-settings=\"{&quot;fullscreen&quot;:&quot;&quot;}\" data-id=\"fb0b18d\" data-element_type=\"column\" data-e-type=\"column\">\n\t\t\t<div class=\"elementor-widget-wrap elementor-element-populated\">\n\t\t\t\t\t\t<div class=\"elementor-element elementor-element-d4e2237 elementor-widget elementor-widget-litho-heading\" data-id=\"d4e2237\" data-element_type=\"widget\" data-e-type=\"widget\" data-widget_type=\"litho-heading.default\">\n\t\t\t\t<div class=\"elementor-widget-container\">\n\t\t\t\t\t<h2 class=\"litho-heading elementor-size-default\"><span class=\"litho-primary-title\">Microsoft Technologie<\/span><\/h2>\t\t\t\t<\/div>\n\t\t\t\t<\/div>\n\t\t\t\t<div class=\"elementor-element elementor-element-e9d8854 elementor-widget elementor-widget-litho-drop-cap\" data-id=\"e9d8854\" data-element_type=\"widget\" data-e-type=\"widget\" data-widget_type=\"litho-drop-cap.default\">\n\t\t\t\t<div class=\"elementor-widget-container\">\n\t\t\t\t\t\t\t\t<div class=\"elementor-text-editor elementor-clearfix\"><p>St\u00e4rken Sie Ihr Unternehmen mit unserer Expertise im Bereich der Softwarelandschaft von Microsoft. Wir beherrschen verschiedene Microsoft-Stacks und nutzen die Leistungsf\u00e4higkeit von .NET f\u00fcr die Entwicklung robuster Anwendungen, die Skalierbarkeit und Leistung gew\u00e4hrleisten.<\/p><\/div> \t\t\t\t\t\t\t<\/div>\n\t\t\t\t<\/div>\n\t\t\t\t<div class=\"elementor-element elementor-element-b875e5c elementor-widget elementor-widget-litho-button\" data-id=\"b875e5c\" data-element_type=\"widget\" data-e-type=\"widget\" data-widget_type=\"litho-button.default\">\n\t\t\t\t<div class=\"elementor-widget-container\">\n\t\t\t\t\t\t\t\t\t<div class=\"elementor-button-wrapper litho-button-wrapper\">\n\t\t\t\t\t<a class=\"elementor-button-link elementor-button elementor-size-lg \" href=\"https:\/\/aalborg-it.com\/de\/kontakt\/\" role=\"button\">\n\t\t\t\t\t\t\t\t\t<span class=\"elementor-button-content-wrapper\">\n\t\t\t\t\t\t\t\t\t\t\t\t\t<span class=\"elementor-button-text\">Lassen Sie uns reden<\/span>\n\t\t\t\t\t\t\t<\/span>\n\t\t\t\t\t\t\t\t<\/a>\n\t\t\t\t<\/div>\n\t\t\t\t\t\t\t<\/div>\n\t\t\t\t<\/div>\n\t\t\t\t\t<\/div>\n\t\t<\/div>\n\t\t\t\t<div class=\" elementor-column elementor-col-50 elementor-top-column elementor-element elementor-element-339a43f\" data-fullscreen-column-settings=\"{&quot;fullscreen&quot;:&quot;&quot;}\" data-id=\"339a43f\" data-element_type=\"column\" data-e-type=\"column\">\n\t\t\t<div class=\"elementor-widget-wrap elementor-element-populated\">\n\t\t\t\t\t\t<div class=\"elementor-element elementor-element-62ba67d elementor-widget__width-initial elementor-widget elementor-widget-image\" data-id=\"62ba67d\" data-element_type=\"widget\" data-e-type=\"widget\" data-widget_type=\"image.default\">\n\t\t\t\t<div class=\"elementor-widget-container\">\n\t\t\t\t\t\t\t\t\t\t\t\t\t\t\t<img fetchpriority=\"high\" decoding=\"async\" width=\"622\" height=\"462\" src=\"https:\/\/aalborg-it.com\/wp-content\/uploads\/2024\/04\/microsoft-tech.png\" class=\"attachment-medium_large size-medium_large wp-image-76642\" alt=\"\" srcset=\"https:\/\/aalborg-it.com\/wp-content\/uploads\/2024\/04\/microsoft-tech.png 622w, https:\/\/aalborg-it.com\/wp-content\/uploads\/2024\/04\/microsoft-tech-300x223.png 300w, https:\/\/aalborg-it.com\/wp-content\/uploads\/2024\/04\/microsoft-tech-200x149.png 200w\" sizes=\"(max-width: 622px) 100vw, 622px\" \/>\t\t\t\t\t\t\t\t\t\t\t\t\t\t\t<\/div>\n\t\t\t\t<\/div>\n\t\t\t\t\t<\/div>\n\t\t<\/div>\n\t\t\t\t\t<\/div>\n\t\t<\/section>\n\t\t\t\t<section class=\"elementor-section elementor-top-section elementor-element elementor-element-138533c elementor-section-boxed elementor-section-height-default elementor-section-height-default\" data-id=\"138533c\" data-element_type=\"section\" data-e-type=\"section\">\n\t\t\t\t\t\t<div class=\"elementor-container elementor-column-gap-default\">\n\t\t\t\t\t<div class=\" elementor-column elementor-col-50 elementor-top-column elementor-element elementor-element-d715fd7\" data-fullscreen-column-settings=\"{&quot;fullscreen&quot;:&quot;&quot;}\" data-id=\"d715fd7\" data-element_type=\"column\" data-e-type=\"column\">\n\t\t\t<div class=\"elementor-widget-wrap elementor-element-populated\">\n\t\t\t\t\t\t<div class=\"elementor-element elementor-element-47196f0 elementor-widget__width-initial elementor-widget elementor-widget-image\" data-id=\"47196f0\" data-element_type=\"widget\" data-e-type=\"widget\" data-widget_type=\"image.default\">\n\t\t\t\t<div class=\"elementor-widget-container\">\n\t\t\t\t\t\t\t\t\t\t\t\t\t\t\t<img decoding=\"async\" width=\"768\" height=\"768\" src=\"https:\/\/aalborg-it.com\/wp-content\/uploads\/2024\/04\/7-1-768x768.png\" class=\"attachment-medium_large size-medium_large wp-image-76644\" alt=\"\" srcset=\"https:\/\/aalborg-it.com\/wp-content\/uploads\/2024\/04\/7-1-768x768.png 768w, https:\/\/aalborg-it.com\/wp-content\/uploads\/2024\/04\/7-1-300x300.png 300w, https:\/\/aalborg-it.com\/wp-content\/uploads\/2024\/04\/7-1-150x150.png 150w, https:\/\/aalborg-it.com\/wp-content\/uploads\/2024\/04\/7-1-200x200.png 200w, https:\/\/aalborg-it.com\/wp-content\/uploads\/2024\/04\/7-1.png 800w\" sizes=\"(max-width: 768px) 100vw, 768px\" \/>\t\t\t\t\t\t\t\t\t\t\t\t\t\t\t<\/div>\n\t\t\t\t<\/div>\n\t\t\t\t\t<\/div>\n\t\t<\/div>\n\t\t\t\t<div class=\" elementor-column elementor-col-50 elementor-top-column elementor-element elementor-element-9b096e1\" data-fullscreen-column-settings=\"{&quot;fullscreen&quot;:&quot;&quot;}\" data-id=\"9b096e1\" data-element_type=\"column\" data-e-type=\"column\">\n\t\t\t<div class=\"elementor-widget-wrap elementor-element-populated\">\n\t\t\t\t\t\t<div class=\"elementor-element elementor-element-83d7bab elementor-widget elementor-widget-heading\" data-id=\"83d7bab\" data-element_type=\"widget\" data-e-type=\"widget\" data-widget_type=\"heading.default\">\n\t\t\t\t<div class=\"elementor-widget-container\">\n\t\t\t\t\t<h4 class=\"elementor-heading-title elementor-size-default\">Wir sorgen f\u00fcr effiziente Nutzung von<\/h4>\t\t\t\t<\/div>\n\t\t\t\t<\/div>\n\t\t\t\t<div class=\"elementor-element elementor-element-fb7577c elementor-widget__width-initial elementor-widget elementor-widget-heading\" data-id=\"fb7577c\" data-element_type=\"widget\" data-e-type=\"widget\" data-widget_type=\"heading.default\">\n\t\t\t\t<div class=\"elementor-widget-container\">\n\t\t\t\t\t<h2 class=\"elementor-heading-title elementor-size-default\">Microsoft Technologie <\/h2>\t\t\t\t<\/div>\n\t\t\t\t<\/div>\n\t\t\t\t<div class=\"elementor-element elementor-element-3059209 elementor-widget elementor-widget-text-editor\" data-id=\"3059209\" data-element_type=\"widget\" data-e-type=\"widget\" data-widget_type=\"text-editor.default\">\n\t\t\t\t<div class=\"elementor-widget-container\">\n\t\t\t\t\t\t\t\t\t<p>St\u00e4rken Sie Ihr Unternehmen mit unserer Expertise im Bereich Microsoft-Technologie. Wir beherrschen verschiedene Microsoft-Stacks und nutzen die Leistungsf\u00e4higkeit von .NET f\u00fcr die Entwicklung robuster Anwendungen, die Skalierbarkeit und Leistung gew\u00e4hrleisten.<\/p>\n<p>Erschlie\u00dfen Sie das Potenzial der Cloud mit Microsoft Azure. Unser Team nutzt die umfangreichen M\u00f6glichkeiten von Azure f\u00fcr nahtlose Cloud-L\u00f6sungen. Von virtuellen Maschinen bis hin zu KI-Diensten passen wir die Azure-Technologiestacks an die individuellen Bed\u00fcrfnisse Ihres Unternehmens an.<\/p>\n<p>Erleben Sie die Synergie von Microsoft-Technologiepaketen wie ASP.NET, SQL Server und SharePoint. Unsere Kompetenz erstreckt sich auch auf die Entwicklung von L\u00f6sungen, die sich nahtlos integrieren lassen und ein zusammenh\u00e4ngendes und effizientes \u00d6kosystem f\u00fcr Ihr Unternehmen bilden. Vertrauen Sie uns, wenn es darum geht, sich in der Microsoft-Landschaft zurechtzufinden und ma\u00dfgeschneiderte, hochmoderne L\u00f6sungen zu liefern.<\/p>\n\t\t\t\t\t\t\t\t<\/div>\n\t\t\t\t<\/div>\n\t\t\t\t\t<\/div>\n\t\t<\/div>\n\t\t\t\t\t<\/div>\n\t\t<\/section>\n\t\t\t\t<section class=\"elementor-section elementor-top-section elementor-element elementor-element-9446bac elementor-section-boxed elementor-section-height-default elementor-section-height-default\" data-id=\"9446bac\" data-element_type=\"section\" data-e-type=\"section\">\n\t\t\t\t\t\t<div class=\"elementor-container elementor-column-gap-default\">\n\t\t\t\t\t<div class=\" elementor-column elementor-col-100 elementor-top-column elementor-element elementor-element-faedcfd\" data-fullscreen-column-settings=\"{&quot;fullscreen&quot;:&quot;&quot;}\" data-id=\"faedcfd\" data-element_type=\"column\" data-e-type=\"column\">\n\t\t\t<div class=\"elementor-widget-wrap elementor-element-populated\">\n\t\t\t\t\t\t<div class=\"elementor-element elementor-element-595c382 elementor-widget elementor-widget-spacer\" data-id=\"595c382\" data-element_type=\"widget\" data-e-type=\"widget\" data-widget_type=\"spacer.default\">\n\t\t\t\t<div class=\"elementor-widget-container\">\n\t\t\t\t\t\t\t<div class=\"elementor-spacer\">\n\t\t\t<div class=\"elementor-spacer-inner\"><\/div>\n\t\t<\/div>\n\t\t\t\t\t\t<\/div>\n\t\t\t\t<\/div>\n\t\t\t\t\t<\/div>\n\t\t<\/div>\n\t\t\t\t\t<\/div>\n\t\t<\/section>\n\t\t\t\t<\/div>\n\t\t","protected":false},"excerpt":{"rendered":"<p>Microsoft Technologie St\u00e4rken Sie Ihr Unternehmen mit unserer Expertise im Bereich der Softwarelandschaft von Microsoft. Wir beherrschen verschiedene Microsoft-Stacks und nutzen die Leistungsf\u00e4higkeit von .NET f\u00fcr die Entwicklung robuster Anwendungen, die Skalierbarkeit und Leistung gew\u00e4hrleisten. Lassen Sie uns reden Wir sorgen f\u00fcr effiziente Nutzung von Microsoft Technologie St\u00e4rken Sie Ihr Unternehmen mit unserer Expertise im [&hellip;]<\/p>\n","protected":false},"author":1,"featured_media":0,"parent":0,"menu_order":0,"comment_status":"closed","ping_status":"closed","template":"","meta":{"inline_featured_image":false,"footnotes":""},"class_list":["post-76709","page","type-page","status-publish","hentry"],"yoast_head":"<!-- This site is optimized with the Yoast SEO plugin v27.2 - https:\/\/yoast.com\/product\/yoast-seo-wordpress\/ -->\n<title>Microsoft - Aalborg IT<\/title>\n<meta name=\"robots\" content=\"index, follow, max-snippet:-1, max-image-preview:large, max-video-preview:-1\" \/>\n<link rel=\"canonical\" href=\"https:\/\/aalborg-it.com\/de\/microsoft\/\" \/>\n<meta property=\"og:locale\" content=\"de_DE\" \/>\n<meta property=\"og:type\" content=\"article\" \/>\n<meta property=\"og:title\" content=\"Microsoft - Aalborg IT\" \/>\n<meta property=\"og:description\" content=\"Microsoft Technologie St\u00e4rken Sie Ihr Unternehmen mit unserer Expertise im Bereich der Softwarelandschaft von Microsoft. Wir beherrschen verschiedene Microsoft-Stacks und nutzen die Leistungsf\u00e4higkeit von .NET f\u00fcr die Entwicklung robuster Anwendungen, die Skalierbarkeit und Leistung gew\u00e4hrleisten. Lassen Sie uns reden Wir sorgen f\u00fcr effiziente Nutzung von Microsoft Technologie St\u00e4rken Sie Ihr Unternehmen mit unserer Expertise im [&hellip;]\" \/>\n<meta property=\"og:url\" content=\"https:\/\/aalborg-it.com\/de\/microsoft\/\" \/>\n<meta property=\"og:site_name\" content=\"Aalborg IT\" \/>\n<meta property=\"article:modified_time\" content=\"2024-05-23T22:32:49+00:00\" \/>\n<meta property=\"og:image\" content=\"https:\/\/aalborg-it.com\/wp-content\/uploads\/2024\/04\/microsoft-tech.png\" \/>\n<meta name=\"twitter:card\" content=\"summary_large_image\" \/>\n<meta name=\"twitter:label1\" content=\"Gesch\u00e4tzte Lesezeit\" \/>\n\t<meta name=\"twitter:data1\" content=\"1\u00a0Minute\" \/>\n<script type=\"application\/ld+json\" class=\"yoast-schema-graph\">{\"@context\":\"https:\/\/schema.org\",\"@graph\":[{\"@type\":\"WebPage\",\"@id\":\"https:\/\/aalborg-it.com\/de\/microsoft\/\",\"url\":\"https:\/\/aalborg-it.com\/de\/microsoft\/\",\"name\":\"Microsoft - Aalborg IT\",\"isPartOf\":{\"@id\":\"https:\/\/aalborg-it.com\/#website\"},\"primaryImageOfPage\":{\"@id\":\"https:\/\/aalborg-it.com\/de\/microsoft\/#primaryimage\"},\"image\":{\"@id\":\"https:\/\/aalborg-it.com\/de\/microsoft\/#primaryimage\"},\"thumbnailUrl\":\"https:\/\/aalborg-it.com\/wp-content\/uploads\/2024\/04\/microsoft-tech.png\",\"datePublished\":\"2024-04-17T16:31:43+00:00\",\"dateModified\":\"2024-05-23T22:32:49+00:00\",\"breadcrumb\":{\"@id\":\"https:\/\/aalborg-it.com\/de\/microsoft\/#breadcrumb\"},\"inLanguage\":\"de\",\"potentialAction\":[{\"@type\":\"ReadAction\",\"target\":[\"https:\/\/aalborg-it.com\/de\/microsoft\/\"]}]},{\"@type\":\"ImageObject\",\"inLanguage\":\"de\",\"@id\":\"https:\/\/aalborg-it.com\/de\/microsoft\/#primaryimage\",\"url\":\"https:\/\/aalborg-it.com\/wp-content\/uploads\/2024\/04\/microsoft-tech.png\",\"contentUrl\":\"https:\/\/aalborg-it.com\/wp-content\/uploads\/2024\/04\/microsoft-tech.png\"},{\"@type\":\"BreadcrumbList\",\"@id\":\"https:\/\/aalborg-it.com\/de\/microsoft\/#breadcrumb\",\"itemListElement\":[{\"@type\":\"ListItem\",\"position\":1,\"name\":\"Home\",\"item\":\"https:\/\/aalborg-it.com\/\"},{\"@type\":\"ListItem\",\"position\":2,\"name\":\"Microsoft\"}]},{\"@type\":\"WebSite\",\"@id\":\"https:\/\/aalborg-it.com\/#website\",\"url\":\"https:\/\/aalborg-it.com\/\",\"name\":\"Aalborg IT\",\"description\":\"Elevate your ideas.\",\"publisher\":{\"@id\":\"https:\/\/aalborg-it.com\/#organization\"},\"potentialAction\":[{\"@type\":\"SearchAction\",\"target\":{\"@type\":\"EntryPoint\",\"urlTemplate\":\"https:\/\/aalborg-it.com\/?s={search_term_string}\"},\"query-input\":{\"@type\":\"PropertyValueSpecification\",\"valueRequired\":true,\"valueName\":\"search_term_string\"}}],\"inLanguage\":\"de\"},{\"@type\":\"Organization\",\"@id\":\"https:\/\/aalborg-it.com\/#organization\",\"name\":\"Aalborg IT\",\"url\":\"https:\/\/aalborg-it.com\/\",\"logo\":{\"@type\":\"ImageObject\",\"inLanguage\":\"de\",\"@id\":\"https:\/\/aalborg-it.com\/#\/schema\/logo\/image\/\",\"url\":\"https:\/\/aalborg-it.com\/wp-content\/uploads\/2020\/09\/cropped-Logo-CDR.png\",\"contentUrl\":\"https:\/\/aalborg-it.com\/wp-content\/uploads\/2020\/09\/cropped-Logo-CDR.png\",\"width\":512,\"height\":512,\"caption\":\"Aalborg IT\"},\"image\":{\"@id\":\"https:\/\/aalborg-it.com\/#\/schema\/logo\/image\/\"},\"sameAs\":[\"https:\/\/www.linkedin.com\/company\/aalborg-it\"]}]}<\/script>\n<!-- \/ Yoast SEO plugin. -->","yoast_head_json":{"title":"Microsoft - Aalborg IT","robots":{"index":"index","follow":"follow","max-snippet":"max-snippet:-1","max-image-preview":"max-image-preview:large","max-video-preview":"max-video-preview:-1"},"canonical":"https:\/\/aalborg-it.com\/de\/microsoft\/","og_locale":"de_DE","og_type":"article","og_title":"Microsoft - Aalborg IT","og_description":"Microsoft Technologie St\u00e4rken Sie Ihr Unternehmen mit unserer Expertise im Bereich der Softwarelandschaft von Microsoft. Wir beherrschen verschiedene Microsoft-Stacks und nutzen die Leistungsf\u00e4higkeit von .NET f\u00fcr die Entwicklung robuster Anwendungen, die Skalierbarkeit und Leistung gew\u00e4hrleisten. Lassen Sie uns reden Wir sorgen f\u00fcr effiziente Nutzung von Microsoft Technologie St\u00e4rken Sie Ihr Unternehmen mit unserer Expertise im [&hellip;]","og_url":"https:\/\/aalborg-it.com\/de\/microsoft\/","og_site_name":"Aalborg IT","article_modified_time":"2024-05-23T22:32:49+00:00","og_image":[{"url":"https:\/\/aalborg-it.com\/wp-content\/uploads\/2024\/04\/microsoft-tech.png","type":"","width":"","height":""}],"twitter_card":"summary_large_image","twitter_misc":{"Gesch\u00e4tzte Lesezeit":"1\u00a0Minute"},"schema":{"@context":"https:\/\/schema.org","@graph":[{"@type":"WebPage","@id":"https:\/\/aalborg-it.com\/de\/microsoft\/","url":"https:\/\/aalborg-it.com\/de\/microsoft\/","name":"Microsoft - Aalborg IT","isPartOf":{"@id":"https:\/\/aalborg-it.com\/#website"},"primaryImageOfPage":{"@id":"https:\/\/aalborg-it.com\/de\/microsoft\/#primaryimage"},"image":{"@id":"https:\/\/aalborg-it.com\/de\/microsoft\/#primaryimage"},"thumbnailUrl":"https:\/\/aalborg-it.com\/wp-content\/uploads\/2024\/04\/microsoft-tech.png","datePublished":"2024-04-17T16:31:43+00:00","dateModified":"2024-05-23T22:32:49+00:00","breadcrumb":{"@id":"https:\/\/aalborg-it.com\/de\/microsoft\/#breadcrumb"},"inLanguage":"de","potentialAction":[{"@type":"ReadAction","target":["https:\/\/aalborg-it.com\/de\/microsoft\/"]}]},{"@type":"ImageObject","inLanguage":"de","@id":"https:\/\/aalborg-it.com\/de\/microsoft\/#primaryimage","url":"https:\/\/aalborg-it.com\/wp-content\/uploads\/2024\/04\/microsoft-tech.png","contentUrl":"https:\/\/aalborg-it.com\/wp-content\/uploads\/2024\/04\/microsoft-tech.png"},{"@type":"BreadcrumbList","@id":"https:\/\/aalborg-it.com\/de\/microsoft\/#breadcrumb","itemListElement":[{"@type":"ListItem","position":1,"name":"Home","item":"https:\/\/aalborg-it.com\/"},{"@type":"ListItem","position":2,"name":"Microsoft"}]},{"@type":"WebSite","@id":"https:\/\/aalborg-it.com\/#website","url":"https:\/\/aalborg-it.com\/","name":"Aalborg IT","description":"Elevate your ideas.","publisher":{"@id":"https:\/\/aalborg-it.com\/#organization"},"potentialAction":[{"@type":"SearchAction","target":{"@type":"EntryPoint","urlTemplate":"https:\/\/aalborg-it.com\/?s={search_term_string}"},"query-input":{"@type":"PropertyValueSpecification","valueRequired":true,"valueName":"search_term_string"}}],"inLanguage":"de"},{"@type":"Organization","@id":"https:\/\/aalborg-it.com\/#organization","name":"Aalborg IT","url":"https:\/\/aalborg-it.com\/","logo":{"@type":"ImageObject","inLanguage":"de","@id":"https:\/\/aalborg-it.com\/#\/schema\/logo\/image\/","url":"https:\/\/aalborg-it.com\/wp-content\/uploads\/2020\/09\/cropped-Logo-CDR.png","contentUrl":"https:\/\/aalborg-it.com\/wp-content\/uploads\/2020\/09\/cropped-Logo-CDR.png","width":512,"height":512,"caption":"Aalborg IT"},"image":{"@id":"https:\/\/aalborg-it.com\/#\/schema\/logo\/image\/"},"sameAs":["https:\/\/www.linkedin.com\/company\/aalborg-it"]}]}},"_links":{"self":[{"href":"https:\/\/aalborg-it.com\/de\/wp-json\/wp\/v2\/pages\/76709","targetHints":{"allow":["GET"]}}],"collection":[{"href":"https:\/\/aalborg-it.com\/de\/wp-json\/wp\/v2\/pages"}],"about":[{"href":"https:\/\/aalborg-it.com\/de\/wp-json\/wp\/v2\/types\/page"}],"author":[{"embeddable":true,"href":"https:\/\/aalborg-it.com\/de\/wp-json\/wp\/v2\/users\/1"}],"replies":[{"embeddable":true,"href":"https:\/\/aalborg-it.com\/de\/wp-json\/wp\/v2\/comments?post=76709"}],"version-history":[{"count":12,"href":"https:\/\/aalborg-it.com\/de\/wp-json\/wp\/v2\/pages\/76709\/revisions"}],"predecessor-version":[{"id":76982,"href":"https:\/\/aalborg-it.com\/de\/wp-json\/wp\/v2\/pages\/76709\/revisions\/76982"}],"wp:attachment":[{"href":"https:\/\/aalborg-it.com\/de\/wp-json\/wp\/v2\/media?parent=76709"}],"curies":[{"name":"wp","href":"https:\/\/api.w.org\/{rel}","templated":true}]}}