{"id":76704,"date":"2024-04-15T15:06:40","date_gmt":"2024-04-15T14:06:40","guid":{"rendered":"https:\/\/staging.thehexabytesolutions.com\/salesforce\/"},"modified":"2024-05-23T22:34:18","modified_gmt":"2024-05-23T22:34:18","slug":"salesforce","status":"publish","type":"page","link":"https:\/\/aalborg-it.com\/de\/salesforce\/","title":{"rendered":"Salesforce"},"content":{"rendered":"\t\t<div data-elementor-type=\"wp-page\" data-elementor-id=\"76704\" class=\"elementor elementor-76704 elementor-76618\">\n\t\t\t\t\t\t<section class=\"elementor-section elementor-top-section elementor-element elementor-element-415d04e elementor-section-boxed elementor-section-height-default elementor-section-height-default\" data-id=\"415d04e\" data-element_type=\"section\" data-e-type=\"section\">\n\t\t\t\t\t\t<div class=\"elementor-container elementor-column-gap-default\">\n\t\t\t\t\t<div class=\" elementor-column elementor-col-50 elementor-top-column elementor-element elementor-element-6652411\" data-fullscreen-column-settings=\"{&quot;fullscreen&quot;:&quot;&quot;}\" data-id=\"6652411\" data-element_type=\"column\" data-e-type=\"column\">\n\t\t\t<div class=\"elementor-widget-wrap elementor-element-populated\">\n\t\t\t\t\t\t<div class=\"elementor-element elementor-element-b35eda5 elementor-widget elementor-widget-heading\" data-id=\"b35eda5\" data-element_type=\"widget\" data-e-type=\"widget\" data-widget_type=\"heading.default\">\n\t\t\t\t<div class=\"elementor-widget-container\">\n\t\t\t\t\t<h2 class=\"elementor-heading-title elementor-size-default\">Salesforce<\/h2>\t\t\t\t<\/div>\n\t\t\t\t<\/div>\n\t\t\t\t<div class=\"elementor-element elementor-element-2cfe9f7 elementor-widget elementor-widget-text-editor\" data-id=\"2cfe9f7\" data-element_type=\"widget\" data-e-type=\"widget\" data-widget_type=\"text-editor.default\">\n\t\t\t\t<div class=\"elementor-widget-container\">\n\t\t\t\t\t\t\t\t\t<p>Steigern Sie Ihr Gesch\u00e4ft mit unserer Salesforce-Expertise. Wir haben uns auf Salesforce Clouds spezialisiert, darunter Sales Cloud f\u00fcr optimierte Vertriebsprozesse und Service Cloud f\u00fcr au\u00dfergew\u00f6hnlichen Kundenservice.<\/p>\n\t\t\t\t\t\t\t\t<\/div>\n\t\t\t\t<\/div>\n\t\t\t\t<div class=\"elementor-element elementor-element-26692df elementor-widget elementor-widget-litho-button\" data-id=\"26692df\" data-element_type=\"widget\" data-e-type=\"widget\" data-widget_type=\"litho-button.default\">\n\t\t\t\t<div class=\"elementor-widget-container\">\n\t\t\t\t\t\t\t\t\t<div class=\"elementor-button-wrapper litho-button-wrapper\">\n\t\t\t\t\t<a class=\"elementor-button-link elementor-button elementor-size-lg \" href=\"https:\/\/aalborg-it.com\/de\/kontakt\/\" role=\"button\">\n\t\t\t\t\t\t\t\t\t<span class=\"elementor-button-content-wrapper\">\n\t\t\t\t\t\t\t\t\t\t\t\t\t<span class=\"elementor-button-text\">Lassen Sie uns reden<\/span>\n\t\t\t\t\t\t\t<\/span>\n\t\t\t\t\t\t\t\t<\/a>\n\t\t\t\t<\/div>\n\t\t\t\t\t\t\t<\/div>\n\t\t\t\t<\/div>\n\t\t\t\t\t<\/div>\n\t\t<\/div>\n\t\t\t\t<div class=\" elementor-column elementor-col-50 elementor-top-column elementor-element elementor-element-af88a96\" data-fullscreen-column-settings=\"{&quot;fullscreen&quot;:&quot;&quot;}\" data-id=\"af88a96\" data-element_type=\"column\" data-e-type=\"column\">\n\t\t\t<div class=\"elementor-widget-wrap elementor-element-populated\">\n\t\t\t\t\t\t<div class=\"elementor-element elementor-element-9990853 elementor-widget__width-initial elementor-widget elementor-widget-image\" data-id=\"9990853\" data-element_type=\"widget\" data-e-type=\"widget\" data-widget_type=\"image.default\">\n\t\t\t\t<div class=\"elementor-widget-container\">\n\t\t\t\t\t\t\t\t\t\t\t\t\t\t\t<img fetchpriority=\"high\" decoding=\"async\" width=\"482\" height=\"484\" src=\"https:\/\/aalborg-it.com\/wp-content\/uploads\/2024\/04\/Salesforce-Service-Cloud.png\" class=\"attachment-medium_large size-medium_large wp-image-76622\" alt=\"\" srcset=\"https:\/\/aalborg-it.com\/wp-content\/uploads\/2024\/04\/Salesforce-Service-Cloud.png 482w, https:\/\/aalborg-it.com\/wp-content\/uploads\/2024\/04\/Salesforce-Service-Cloud-300x300.png 300w, https:\/\/aalborg-it.com\/wp-content\/uploads\/2024\/04\/Salesforce-Service-Cloud-150x150.png 150w, https:\/\/aalborg-it.com\/wp-content\/uploads\/2024\/04\/Salesforce-Service-Cloud-200x201.png 200w\" sizes=\"(max-width: 482px) 100vw, 482px\" \/>\t\t\t\t\t\t\t\t\t\t\t\t\t\t\t<\/div>\n\t\t\t\t<\/div>\n\t\t\t\t\t<\/div>\n\t\t<\/div>\n\t\t\t\t\t<\/div>\n\t\t<\/section>\n\t\t\t\t<section class=\"elementor-section elementor-top-section elementor-element elementor-element-c0990c6 elementor-section-boxed elementor-section-height-default elementor-section-height-default\" data-id=\"c0990c6\" data-element_type=\"section\" data-e-type=\"section\">\n\t\t\t\t\t\t<div class=\"elementor-container elementor-column-gap-default\">\n\t\t\t\t\t<div class=\" elementor-column elementor-col-50 elementor-top-column elementor-element elementor-element-81bd7d4\" data-fullscreen-column-settings=\"{&quot;fullscreen&quot;:&quot;&quot;}\" data-id=\"81bd7d4\" data-element_type=\"column\" data-e-type=\"column\">\n\t\t\t<div class=\"elementor-widget-wrap elementor-element-populated\">\n\t\t\t\t\t\t<div class=\"elementor-element elementor-element-47ffad9 elementor-widget__width-initial elementor-widget elementor-widget-image\" data-id=\"47ffad9\" data-element_type=\"widget\" data-e-type=\"widget\" data-widget_type=\"image.default\">\n\t\t\t\t<div class=\"elementor-widget-container\">\n\t\t\t\t\t\t\t\t\t\t\t\t\t\t\t<img decoding=\"async\" width=\"768\" height=\"768\" src=\"https:\/\/aalborg-it.com\/wp-content\/uploads\/2024\/04\/4-768x768.jpg\" class=\"attachment-medium_large size-medium_large wp-image-76627\" alt=\"\" srcset=\"https:\/\/aalborg-it.com\/wp-content\/uploads\/2024\/04\/4-768x768.jpg 768w, https:\/\/aalborg-it.com\/wp-content\/uploads\/2024\/04\/4-300x300.jpg 300w, https:\/\/aalborg-it.com\/wp-content\/uploads\/2024\/04\/4-150x150.jpg 150w, https:\/\/aalborg-it.com\/wp-content\/uploads\/2024\/04\/4-200x200.jpg 200w, https:\/\/aalborg-it.com\/wp-content\/uploads\/2024\/04\/4.jpg 800w\" sizes=\"(max-width: 768px) 100vw, 768px\" \/>\t\t\t\t\t\t\t\t\t\t\t\t\t\t\t<\/div>\n\t\t\t\t<\/div>\n\t\t\t\t\t<\/div>\n\t\t<\/div>\n\t\t\t\t<div class=\" elementor-column elementor-col-50 elementor-top-column elementor-element elementor-element-3fb890c\" data-fullscreen-column-settings=\"{&quot;fullscreen&quot;:&quot;&quot;}\" data-id=\"3fb890c\" data-element_type=\"column\" data-e-type=\"column\">\n\t\t\t<div class=\"elementor-widget-wrap elementor-element-populated\">\n\t\t\t\t\t\t<div class=\"elementor-element elementor-element-087a504 elementor-widget elementor-widget-heading\" data-id=\"087a504\" data-element_type=\"widget\" data-e-type=\"widget\" data-widget_type=\"heading.default\">\n\t\t\t\t<div class=\"elementor-widget-container\">\n\t\t\t\t\t<h4 class=\"elementor-heading-title elementor-size-default\">Wir sorgen f\u00fcr bessere<\/h4>\t\t\t\t<\/div>\n\t\t\t\t<\/div>\n\t\t\t\t<div class=\"elementor-element elementor-element-167ccfd elementor-widget elementor-widget-heading\" data-id=\"167ccfd\" data-element_type=\"widget\" data-e-type=\"widget\" data-widget_type=\"heading.default\">\n\t\t\t\t<div class=\"elementor-widget-container\">\n\t\t\t\t\t<h2 class=\"elementor-heading-title elementor-size-default\">Salesforce Dienstleistungen<\/h2>\t\t\t\t<\/div>\n\t\t\t\t<\/div>\n\t\t\t\t<div class=\"elementor-element elementor-element-2da2960 elementor-widget elementor-widget-text-editor\" data-id=\"2da2960\" data-element_type=\"widget\" data-e-type=\"widget\" data-widget_type=\"text-editor.default\">\n\t\t\t\t<div class=\"elementor-widget-container\">\n\t\t\t\t\t\t\t\t\t<p>Steigern Sie Ihr Gesch\u00e4ft mit unserer Salesforce-Expertise. Wir haben uns auf Salesforce Clouds spezialisiert, darunter Sales Cloud f\u00fcr optimierte Vertriebsprozesse und Service Cloud f\u00fcr au\u00dfergew\u00f6hnlichen Kundenservice.<\/p>\n<p>Erleben Sie die Macht der Automatisierung mit Salesforce Marketing Cloud. Unsere Experten nutzen die M\u00f6glichkeiten f\u00fcr zielgerichtete Kampagnen und personalisierte Kundeninteraktionen, um sicherzustellen, dass Ihre Marketingaktivit\u00e4ten optimale Ergebnisse erzielen.<\/p>\n<p>Navigieren Sie nahtlos durch das Salesforce-\u00d6kosystem mit unseren Kenntnissen der Salesforce Commerce Cloud. Ganz gleich, ob Sie eine E-Commerce-Plattform einf\u00fchren oder Ihre Online-Pr\u00e4senz verbessern m\u00f6chten, vertrauen Sie uns, wenn es um ma\u00dfgeschneiderte L\u00f6sungen geht, die das Potenzial der verschiedenen Salesforce-Clouds optimal nutzen.<\/p>\n\t\t\t\t\t\t\t\t<\/div>\n\t\t\t\t<\/div>\n\t\t\t\t\t<\/div>\n\t\t<\/div>\n\t\t\t\t\t<\/div>\n\t\t<\/section>\n\t\t\t\t<section class=\"elementor-section elementor-top-section elementor-element elementor-element-85d051f elementor-section-boxed elementor-section-height-default elementor-section-height-default\" data-id=\"85d051f\" data-element_type=\"section\" data-e-type=\"section\">\n\t\t\t\t\t\t<div class=\"elementor-container elementor-column-gap-default\">\n\t\t\t\t\t<div class=\" elementor-column elementor-col-100 elementor-top-column elementor-element elementor-element-885b69b\" data-fullscreen-column-settings=\"{&quot;fullscreen&quot;:&quot;&quot;}\" data-id=\"885b69b\" data-element_type=\"column\" data-e-type=\"column\">\n\t\t\t<div class=\"elementor-widget-wrap elementor-element-populated\">\n\t\t\t\t\t\t<div class=\"elementor-element elementor-element-c854df8 elementor-widget elementor-widget-spacer\" data-id=\"c854df8\" data-element_type=\"widget\" data-e-type=\"widget\" data-widget_type=\"spacer.default\">\n\t\t\t\t<div class=\"elementor-widget-container\">\n\t\t\t\t\t\t\t<div class=\"elementor-spacer\">\n\t\t\t<div class=\"elementor-spacer-inner\"><\/div>\n\t\t<\/div>\n\t\t\t\t\t\t<\/div>\n\t\t\t\t<\/div>\n\t\t\t\t\t<\/div>\n\t\t<\/div>\n\t\t\t\t\t<\/div>\n\t\t<\/section>\n\t\t\t\t<\/div>\n\t\t","protected":false},"excerpt":{"rendered":"<p>Salesforce Steigern Sie Ihr Gesch\u00e4ft mit unserer Salesforce-Expertise. Wir haben uns auf Salesforce Clouds spezialisiert, darunter Sales Cloud f\u00fcr optimierte Vertriebsprozesse und Service Cloud f\u00fcr au\u00dfergew\u00f6hnlichen Kundenservice. Lassen Sie uns reden Wir sorgen f\u00fcr bessere Salesforce Dienstleistungen Steigern Sie Ihr Gesch\u00e4ft mit unserer Salesforce-Expertise. Wir haben uns auf Salesforce Clouds spezialisiert, darunter Sales Cloud f\u00fcr [&hellip;]<\/p>\n","protected":false},"author":1,"featured_media":0,"parent":0,"menu_order":0,"comment_status":"closed","ping_status":"closed","template":"","meta":{"inline_featured_image":false,"footnotes":""},"class_list":["post-76704","page","type-page","status-publish","hentry"],"yoast_head":"<!-- This site is optimized with the Yoast SEO plugin v27.2 - https:\/\/yoast.com\/product\/yoast-seo-wordpress\/ -->\n<title>Salesforce - Aalborg IT<\/title>\n<meta name=\"robots\" content=\"index, follow, max-snippet:-1, max-image-preview:large, max-video-preview:-1\" \/>\n<link rel=\"canonical\" href=\"https:\/\/aalborg-it.com\/de\/salesforce\/\" \/>\n<meta property=\"og:locale\" content=\"de_DE\" \/>\n<meta property=\"og:type\" content=\"article\" \/>\n<meta property=\"og:title\" content=\"Salesforce - Aalborg IT\" \/>\n<meta property=\"og:description\" content=\"Salesforce Steigern Sie Ihr Gesch\u00e4ft mit unserer Salesforce-Expertise. Wir haben uns auf Salesforce Clouds spezialisiert, darunter Sales Cloud f\u00fcr optimierte Vertriebsprozesse und Service Cloud f\u00fcr au\u00dfergew\u00f6hnlichen Kundenservice. Lassen Sie uns reden Wir sorgen f\u00fcr bessere Salesforce Dienstleistungen Steigern Sie Ihr Gesch\u00e4ft mit unserer Salesforce-Expertise. Wir haben uns auf Salesforce Clouds spezialisiert, darunter Sales Cloud f\u00fcr [&hellip;]\" \/>\n<meta property=\"og:url\" content=\"https:\/\/aalborg-it.com\/de\/salesforce\/\" \/>\n<meta property=\"og:site_name\" content=\"Aalborg IT\" \/>\n<meta property=\"article:modified_time\" content=\"2024-05-23T22:34:18+00:00\" \/>\n<meta property=\"og:image\" content=\"https:\/\/aalborg-it.com\/wp-content\/uploads\/2024\/04\/Salesforce-Service-Cloud.png\" \/>\n<meta name=\"twitter:card\" content=\"summary_large_image\" \/>\n<meta name=\"twitter:label1\" content=\"Gesch\u00e4tzte Lesezeit\" \/>\n\t<meta name=\"twitter:data1\" content=\"1\u00a0Minute\" \/>\n<script type=\"application\/ld+json\" class=\"yoast-schema-graph\">{\"@context\":\"https:\/\/schema.org\",\"@graph\":[{\"@type\":\"WebPage\",\"@id\":\"https:\/\/aalborg-it.com\/de\/salesforce\/\",\"url\":\"https:\/\/aalborg-it.com\/de\/salesforce\/\",\"name\":\"Salesforce - Aalborg IT\",\"isPartOf\":{\"@id\":\"https:\/\/aalborg-it.com\/#website\"},\"primaryImageOfPage\":{\"@id\":\"https:\/\/aalborg-it.com\/de\/salesforce\/#primaryimage\"},\"image\":{\"@id\":\"https:\/\/aalborg-it.com\/de\/salesforce\/#primaryimage\"},\"thumbnailUrl\":\"https:\/\/aalborg-it.com\/wp-content\/uploads\/2024\/04\/Salesforce-Service-Cloud.png\",\"datePublished\":\"2024-04-15T14:06:40+00:00\",\"dateModified\":\"2024-05-23T22:34:18+00:00\",\"breadcrumb\":{\"@id\":\"https:\/\/aalborg-it.com\/de\/salesforce\/#breadcrumb\"},\"inLanguage\":\"de\",\"potentialAction\":[{\"@type\":\"ReadAction\",\"target\":[\"https:\/\/aalborg-it.com\/de\/salesforce\/\"]}]},{\"@type\":\"ImageObject\",\"inLanguage\":\"de\",\"@id\":\"https:\/\/aalborg-it.com\/de\/salesforce\/#primaryimage\",\"url\":\"https:\/\/aalborg-it.com\/wp-content\/uploads\/2024\/04\/Salesforce-Service-Cloud.png\",\"contentUrl\":\"https:\/\/aalborg-it.com\/wp-content\/uploads\/2024\/04\/Salesforce-Service-Cloud.png\"},{\"@type\":\"BreadcrumbList\",\"@id\":\"https:\/\/aalborg-it.com\/de\/salesforce\/#breadcrumb\",\"itemListElement\":[{\"@type\":\"ListItem\",\"position\":1,\"name\":\"Home\",\"item\":\"https:\/\/aalborg-it.com\/\"},{\"@type\":\"ListItem\",\"position\":2,\"name\":\"Salesforce\"}]},{\"@type\":\"WebSite\",\"@id\":\"https:\/\/aalborg-it.com\/#website\",\"url\":\"https:\/\/aalborg-it.com\/\",\"name\":\"Aalborg IT\",\"description\":\"Elevate your ideas.\",\"publisher\":{\"@id\":\"https:\/\/aalborg-it.com\/#organization\"},\"potentialAction\":[{\"@type\":\"SearchAction\",\"target\":{\"@type\":\"EntryPoint\",\"urlTemplate\":\"https:\/\/aalborg-it.com\/?s={search_term_string}\"},\"query-input\":{\"@type\":\"PropertyValueSpecification\",\"valueRequired\":true,\"valueName\":\"search_term_string\"}}],\"inLanguage\":\"de\"},{\"@type\":\"Organization\",\"@id\":\"https:\/\/aalborg-it.com\/#organization\",\"name\":\"Aalborg IT\",\"url\":\"https:\/\/aalborg-it.com\/\",\"logo\":{\"@type\":\"ImageObject\",\"inLanguage\":\"de\",\"@id\":\"https:\/\/aalborg-it.com\/#\/schema\/logo\/image\/\",\"url\":\"https:\/\/aalborg-it.com\/wp-content\/uploads\/2020\/09\/cropped-Logo-CDR.png\",\"contentUrl\":\"https:\/\/aalborg-it.com\/wp-content\/uploads\/2020\/09\/cropped-Logo-CDR.png\",\"width\":512,\"height\":512,\"caption\":\"Aalborg IT\"},\"image\":{\"@id\":\"https:\/\/aalborg-it.com\/#\/schema\/logo\/image\/\"},\"sameAs\":[\"https:\/\/www.linkedin.com\/company\/aalborg-it\"]}]}<\/script>\n<!-- \/ Yoast SEO plugin. -->","yoast_head_json":{"title":"Salesforce - Aalborg IT","robots":{"index":"index","follow":"follow","max-snippet":"max-snippet:-1","max-image-preview":"max-image-preview:large","max-video-preview":"max-video-preview:-1"},"canonical":"https:\/\/aalborg-it.com\/de\/salesforce\/","og_locale":"de_DE","og_type":"article","og_title":"Salesforce - Aalborg IT","og_description":"Salesforce Steigern Sie Ihr Gesch\u00e4ft mit unserer Salesforce-Expertise. Wir haben uns auf Salesforce Clouds spezialisiert, darunter Sales Cloud f\u00fcr optimierte Vertriebsprozesse und Service Cloud f\u00fcr au\u00dfergew\u00f6hnlichen Kundenservice. Lassen Sie uns reden Wir sorgen f\u00fcr bessere Salesforce Dienstleistungen Steigern Sie Ihr Gesch\u00e4ft mit unserer Salesforce-Expertise. Wir haben uns auf Salesforce Clouds spezialisiert, darunter Sales Cloud f\u00fcr [&hellip;]","og_url":"https:\/\/aalborg-it.com\/de\/salesforce\/","og_site_name":"Aalborg IT","article_modified_time":"2024-05-23T22:34:18+00:00","og_image":[{"url":"https:\/\/aalborg-it.com\/wp-content\/uploads\/2024\/04\/Salesforce-Service-Cloud.png","type":"","width":"","height":""}],"twitter_card":"summary_large_image","twitter_misc":{"Gesch\u00e4tzte Lesezeit":"1\u00a0Minute"},"schema":{"@context":"https:\/\/schema.org","@graph":[{"@type":"WebPage","@id":"https:\/\/aalborg-it.com\/de\/salesforce\/","url":"https:\/\/aalborg-it.com\/de\/salesforce\/","name":"Salesforce - Aalborg IT","isPartOf":{"@id":"https:\/\/aalborg-it.com\/#website"},"primaryImageOfPage":{"@id":"https:\/\/aalborg-it.com\/de\/salesforce\/#primaryimage"},"image":{"@id":"https:\/\/aalborg-it.com\/de\/salesforce\/#primaryimage"},"thumbnailUrl":"https:\/\/aalborg-it.com\/wp-content\/uploads\/2024\/04\/Salesforce-Service-Cloud.png","datePublished":"2024-04-15T14:06:40+00:00","dateModified":"2024-05-23T22:34:18+00:00","breadcrumb":{"@id":"https:\/\/aalborg-it.com\/de\/salesforce\/#breadcrumb"},"inLanguage":"de","potentialAction":[{"@type":"ReadAction","target":["https:\/\/aalborg-it.com\/de\/salesforce\/"]}]},{"@type":"ImageObject","inLanguage":"de","@id":"https:\/\/aalborg-it.com\/de\/salesforce\/#primaryimage","url":"https:\/\/aalborg-it.com\/wp-content\/uploads\/2024\/04\/Salesforce-Service-Cloud.png","contentUrl":"https:\/\/aalborg-it.com\/wp-content\/uploads\/2024\/04\/Salesforce-Service-Cloud.png"},{"@type":"BreadcrumbList","@id":"https:\/\/aalborg-it.com\/de\/salesforce\/#breadcrumb","itemListElement":[{"@type":"ListItem","position":1,"name":"Home","item":"https:\/\/aalborg-it.com\/"},{"@type":"ListItem","position":2,"name":"Salesforce"}]},{"@type":"WebSite","@id":"https:\/\/aalborg-it.com\/#website","url":"https:\/\/aalborg-it.com\/","name":"Aalborg IT","description":"Elevate your ideas.","publisher":{"@id":"https:\/\/aalborg-it.com\/#organization"},"potentialAction":[{"@type":"SearchAction","target":{"@type":"EntryPoint","urlTemplate":"https:\/\/aalborg-it.com\/?s={search_term_string}"},"query-input":{"@type":"PropertyValueSpecification","valueRequired":true,"valueName":"search_term_string"}}],"inLanguage":"de"},{"@type":"Organization","@id":"https:\/\/aalborg-it.com\/#organization","name":"Aalborg IT","url":"https:\/\/aalborg-it.com\/","logo":{"@type":"ImageObject","inLanguage":"de","@id":"https:\/\/aalborg-it.com\/#\/schema\/logo\/image\/","url":"https:\/\/aalborg-it.com\/wp-content\/uploads\/2020\/09\/cropped-Logo-CDR.png","contentUrl":"https:\/\/aalborg-it.com\/wp-content\/uploads\/2020\/09\/cropped-Logo-CDR.png","width":512,"height":512,"caption":"Aalborg IT"},"image":{"@id":"https:\/\/aalborg-it.com\/#\/schema\/logo\/image\/"},"sameAs":["https:\/\/www.linkedin.com\/company\/aalborg-it"]}]}},"_links":{"self":[{"href":"https:\/\/aalborg-it.com\/de\/wp-json\/wp\/v2\/pages\/76704","targetHints":{"allow":["GET"]}}],"collection":[{"href":"https:\/\/aalborg-it.com\/de\/wp-json\/wp\/v2\/pages"}],"about":[{"href":"https:\/\/aalborg-it.com\/de\/wp-json\/wp\/v2\/types\/page"}],"author":[{"embeddable":true,"href":"https:\/\/aalborg-it.com\/de\/wp-json\/wp\/v2\/users\/1"}],"replies":[{"embeddable":true,"href":"https:\/\/aalborg-it.com\/de\/wp-json\/wp\/v2\/comments?post=76704"}],"version-history":[{"count":7,"href":"https:\/\/aalborg-it.com\/de\/wp-json\/wp\/v2\/pages\/76704\/revisions"}],"predecessor-version":[{"id":76985,"href":"https:\/\/aalborg-it.com\/de\/wp-json\/wp\/v2\/pages\/76704\/revisions\/76985"}],"wp:attachment":[{"href":"https:\/\/aalborg-it.com\/de\/wp-json\/wp\/v2\/media?parent=76704"}],"curies":[{"name":"wp","href":"https:\/\/api.w.org\/{rel}","templated":true}]}}