{"id":76699,"date":"2024-04-18T12:09:32","date_gmt":"2024-04-18T11:09:32","guid":{"rendered":"https:\/\/staging.thehexabytesolutions.com\/sap\/"},"modified":"2024-12-13T20:48:39","modified_gmt":"2024-12-13T19:48:39","slug":"sap","status":"publish","type":"page","link":"https:\/\/aalborg-it.com\/de\/sap\/","title":{"rendered":"SAP"},"content":{"rendered":"\t\t<div data-elementor-type=\"wp-page\" data-elementor-id=\"76699\" class=\"elementor elementor-76699 elementor-76689\">\n\t\t\t\t\t\t<section class=\"elementor-section elementor-top-section elementor-element elementor-element-01d2741 elementor-section-boxed elementor-section-height-default elementor-section-height-default\" data-id=\"01d2741\" data-element_type=\"section\" data-e-type=\"section\">\n\t\t\t\t\t\t<div class=\"elementor-container elementor-column-gap-default\">\n\t\t\t\t\t<div class=\" elementor-column elementor-col-50 elementor-top-column elementor-element elementor-element-0554c6d\" data-fullscreen-column-settings=\"{&quot;fullscreen&quot;:&quot;&quot;}\" data-id=\"0554c6d\" data-element_type=\"column\" data-e-type=\"column\">\n\t\t\t<div class=\"elementor-widget-wrap elementor-element-populated\">\n\t\t\t\t\t\t<div class=\"elementor-element elementor-element-8f0a1d1 elementor-widget elementor-widget-heading\" data-id=\"8f0a1d1\" data-element_type=\"widget\" data-e-type=\"widget\" data-widget_type=\"heading.default\">\n\t\t\t\t<div class=\"elementor-widget-container\">\n\t\t\t\t\t<h4 class=\"elementor-heading-title elementor-size-default\">Aalborg IT: Ihr zuverl\u00e4ssiger Partner f\u00fcr SAP-L\u00f6sungen<\/h4>\t\t\t\t<\/div>\n\t\t\t\t<\/div>\n\t\t\t\t<div class=\"elementor-element elementor-element-40a604a elementor-widget elementor-widget-heading\" data-id=\"40a604a\" data-element_type=\"widget\" data-e-type=\"widget\" data-widget_type=\"heading.default\">\n\t\t\t\t<div class=\"elementor-widget-container\">\n\t\t\t\t\t<h2 class=\"elementor-heading-title elementor-size-default\">Mehr Innovation f\u00fcr Ihr Unternehmen bietet h\u00f6here Effizienz<\/h2>\t\t\t\t<\/div>\n\t\t\t\t<\/div>\n\t\t\t\t<div class=\"elementor-element elementor-element-7b4759e elementor-widget__width-initial elementor-widget elementor-widget-text-editor\" data-id=\"7b4759e\" data-element_type=\"widget\" data-e-type=\"widget\" data-widget_type=\"text-editor.default\">\n\t\t\t\t<div class=\"elementor-widget-container\">\n\t\t\t\t\t\t\t\t\t<p>Aalborg IT hat ein Ziel: Unternehmen zu helfen, ihr volles Potential auszusch\u00f6pfen.\u00a0<\/p><p>Durch innovative SAP-L\u00f6sungen (z.B. SAP S\/4 Hana) sichern wir Ihnen einen Marktvorteil.\u00a0<\/p><p>Dies kann Ihre Effizienz nachhaltig steigern und Ihr Wachstum f\u00f6rdern.\u00a0<\/p><p>Dank unserer Expertise \u00fcber die SAP Business Technology Platform (SAP BTP) verf\u00fcgen Sie mit der Aalborg IT \u00fcber einen kompetenten Ansprechspartner, um Ihr Unternehmen voranzubringen.<br \/><br \/><\/p><p>Wir stellen Ihnen Spezialisten f\u00fcr jede SAP-Applikation zur Verf\u00fcgung.<\/p><p>\u00a0<\/p>\t\t\t\t\t\t\t\t<\/div>\n\t\t\t\t<\/div>\n\t\t\t\t<div class=\"elementor-element elementor-element-fabb8c1 elementor-widget elementor-widget-litho-button\" data-id=\"fabb8c1\" data-element_type=\"widget\" data-e-type=\"widget\" data-widget_type=\"litho-button.default\">\n\t\t\t\t<div class=\"elementor-widget-container\">\n\t\t\t\t\t\t\t\t\t<div class=\"elementor-button-wrapper litho-button-wrapper\">\n\t\t\t\t\t<a class=\"elementor-button-link elementor-button elementor-size-lg \" href=\"https:\/\/aalborg-it.com\/de\/kontakt\/\" role=\"button\">\n\t\t\t\t\t\t\t\t\t<span class=\"elementor-button-content-wrapper\">\n\t\t\t\t\t\t\t\t\t\t\t\t\t<span class=\"elementor-button-text\">Lassen Sie uns reden<\/span>\n\t\t\t\t\t\t\t<\/span>\n\t\t\t\t\t\t\t\t<\/a>\n\t\t\t\t<\/div>\n\t\t\t\t\t\t\t<\/div>\n\t\t\t\t<\/div>\n\t\t\t\t\t<\/div>\n\t\t<\/div>\n\t\t\t\t<div class=\" elementor-column elementor-col-50 elementor-top-column elementor-element elementor-element-c465de8\" data-fullscreen-column-settings=\"{&quot;fullscreen&quot;:&quot;&quot;}\" data-id=\"c465de8\" data-element_type=\"column\" data-e-type=\"column\">\n\t\t\t<div class=\"elementor-widget-wrap elementor-element-populated\">\n\t\t\t\t\t\t<div class=\"elementor-element elementor-element-9c51fd4 elementor-widget__width-initial elementor-widget elementor-widget-image\" data-id=\"9c51fd4\" data-element_type=\"widget\" data-e-type=\"widget\" data-widget_type=\"image.default\">\n\t\t\t\t<div class=\"elementor-widget-container\">\n\t\t\t\t\t\t\t\t\t\t\t\t\t\t\t<img fetchpriority=\"high\" decoding=\"async\" width=\"716\" height=\"715\" src=\"https:\/\/aalborg-it.com\/wp-content\/uploads\/2024\/04\/sap.jpg\" class=\"attachment-medium_large size-medium_large wp-image-76692\" alt=\"\" srcset=\"https:\/\/aalborg-it.com\/wp-content\/uploads\/2024\/04\/sap.jpg 716w, https:\/\/aalborg-it.com\/wp-content\/uploads\/2024\/04\/sap-300x300.jpg 300w, https:\/\/aalborg-it.com\/wp-content\/uploads\/2024\/04\/sap-150x150.jpg 150w, https:\/\/aalborg-it.com\/wp-content\/uploads\/2024\/04\/sap-200x200.jpg 200w\" sizes=\"(max-width: 716px) 100vw, 716px\" \/>\t\t\t\t\t\t\t\t\t\t\t\t\t\t\t<\/div>\n\t\t\t\t<\/div>\n\t\t\t\t\t<\/div>\n\t\t<\/div>\n\t\t\t\t\t<\/div>\n\t\t<\/section>\n\t\t\t\t<section class=\"elementor-section elementor-top-section elementor-element elementor-element-5c70bee elementor-section-boxed elementor-section-height-default elementor-section-height-default\" data-id=\"5c70bee\" data-element_type=\"section\" data-e-type=\"section\">\n\t\t\t\t\t\t<div class=\"elementor-container elementor-column-gap-default\">\n\t\t\t\t\t<div class=\" elementor-column elementor-col-50 elementor-top-column elementor-element elementor-element-4178da9\" data-fullscreen-column-settings=\"{&quot;fullscreen&quot;:&quot;&quot;}\" data-id=\"4178da9\" data-element_type=\"column\" data-e-type=\"column\">\n\t\t\t<div class=\"elementor-widget-wrap elementor-element-populated\">\n\t\t\t\t\t\t<div class=\"elementor-element elementor-element-5666189 elementor-widget__width-initial elementor-widget elementor-widget-image\" data-id=\"5666189\" data-element_type=\"widget\" data-e-type=\"widget\" data-widget_type=\"image.default\">\n\t\t\t\t<div class=\"elementor-widget-container\">\n\t\t\t\t\t\t\t\t\t\t\t\t\t\t\t<img decoding=\"async\" width=\"768\" height=\"507\" src=\"https:\/\/aalborg-it.com\/wp-content\/uploads\/2024\/04\/sap-business-process-automation-software-erp-enterprise-resources-planning-system-concept-virtual-screen-138637676-768x507.jpg\" class=\"attachment-medium_large size-medium_large wp-image-76694\" alt=\"\" srcset=\"https:\/\/aalborg-it.com\/wp-content\/uploads\/2024\/04\/sap-business-process-automation-software-erp-enterprise-resources-planning-system-concept-virtual-screen-138637676-768x507.jpg 768w, https:\/\/aalborg-it.com\/wp-content\/uploads\/2024\/04\/sap-business-process-automation-software-erp-enterprise-resources-planning-system-concept-virtual-screen-138637676-300x198.jpg 300w, https:\/\/aalborg-it.com\/wp-content\/uploads\/2024\/04\/sap-business-process-automation-software-erp-enterprise-resources-planning-system-concept-virtual-screen-138637676-200x132.jpg 200w, https:\/\/aalborg-it.com\/wp-content\/uploads\/2024\/04\/sap-business-process-automation-software-erp-enterprise-resources-planning-system-concept-virtual-screen-138637676.jpg 800w\" sizes=\"(max-width: 768px) 100vw, 768px\" \/>\t\t\t\t\t\t\t\t\t\t\t\t\t\t\t<\/div>\n\t\t\t\t<\/div>\n\t\t\t\t\t<\/div>\n\t\t<\/div>\n\t\t\t\t<div class=\" elementor-column elementor-col-50 elementor-top-column elementor-element elementor-element-bdb4c95\" data-fullscreen-column-settings=\"{&quot;fullscreen&quot;:&quot;&quot;}\" data-id=\"bdb4c95\" data-element_type=\"column\" data-e-type=\"column\">\n\t\t\t<div class=\"elementor-widget-wrap elementor-element-populated\">\n\t\t\t\t\t\t<div class=\"elementor-element elementor-element-921d8ef elementor-widget elementor-widget-heading\" data-id=\"921d8ef\" data-element_type=\"widget\" data-e-type=\"widget\" data-widget_type=\"heading.default\">\n\t\t\t\t<div class=\"elementor-widget-container\">\n\t\t\t\t\t<h4 class=\"elementor-heading-title elementor-size-default\">Wir bieten Ihnen<\/h4>\t\t\t\t<\/div>\n\t\t\t\t<\/div>\n\t\t\t\t<div class=\"elementor-element elementor-element-2cef9e0 elementor-widget elementor-widget-heading\" data-id=\"2cef9e0\" data-element_type=\"widget\" data-e-type=\"widget\" data-widget_type=\"heading.default\">\n\t\t\t\t<div class=\"elementor-widget-container\">\n\t\t\t\t\t<h2 class=\"elementor-heading-title elementor-size-default\">Komplette SAP &amp; Digitale L\u00f6sungen<\/h2>\t\t\t\t<\/div>\n\t\t\t\t<\/div>\n\t\t\t\t<div class=\"elementor-element elementor-element-2fc0792 elementor-widget__width-initial elementor-widget elementor-widget-text-editor\" data-id=\"2fc0792\" data-element_type=\"widget\" data-e-type=\"widget\" data-widget_type=\"text-editor.default\">\n\t\t\t\t<div class=\"elementor-widget-container\">\n\t\t\t\t\t\t\t\t\t<p>Wir sind Experten in der\u00a0 Bereitstellung von SAP-Dienstleistungen f\u00fcr Unternehmen.\u00a0<span style=\"color: var( --e-global-color-text ); font-family: var( --e-global-typography-text-font-family ), Sans-serif; font-weight: var( --e-global-typography-text-font-weight ); background-color: var(--bs-body-bg); text-align: var(--bs-body-text-align);\">Ob Start-Up oder Gro\u00dfunternehmen: wir k\u00f6nnen jede Unternehmensgr\u00f6\u00dfe abdecken. <\/span><\/p><p><span style=\"color: var( --e-global-color-text ); font-family: var( --e-global-typography-text-font-family ), Sans-serif; font-weight: var( --e-global-typography-text-font-weight ); background-color: var(--bs-body-bg); text-align: var(--bs-body-text-align);\">Unser gro\u00dfes Netzwerk und unsere Branchenkenntnis bietet Ihrem Unternehmen die Chance, das volle Potential Ihrer SAP-Investitionen auszusch\u00f6pfen. Somit k\u00f6nnen Sie Innovationen vorantreiben, Abl\u00e4ufe rationalisieren und Ihr Wachstum nachhaltig steigern.<\/span><\/p>\t\t\t\t\t\t\t\t<\/div>\n\t\t\t\t<\/div>\n\t\t\t\t\t<\/div>\n\t\t<\/div>\n\t\t\t\t\t<\/div>\n\t\t<\/section>\n\t\t\t\t<section class=\"elementor-section elementor-top-section elementor-element elementor-element-2061bac elementor-section-boxed elementor-section-height-default elementor-section-height-default\" data-id=\"2061bac\" data-element_type=\"section\" data-e-type=\"section\">\n\t\t\t\t\t\t<div class=\"elementor-container elementor-column-gap-default\">\n\t\t\t\t\t<div class=\" elementor-column elementor-col-100 elementor-top-column elementor-element elementor-element-2b46882\" data-fullscreen-column-settings=\"{&quot;fullscreen&quot;:&quot;&quot;}\" data-id=\"2b46882\" data-element_type=\"column\" data-e-type=\"column\">\n\t\t\t<div class=\"elementor-widget-wrap elementor-element-populated\">\n\t\t\t\t\t\t<div class=\"elementor-element elementor-element-c317339 elementor-widget elementor-widget-spacer\" data-id=\"c317339\" data-element_type=\"widget\" data-e-type=\"widget\" data-widget_type=\"spacer.default\">\n\t\t\t\t<div class=\"elementor-widget-container\">\n\t\t\t\t\t\t\t<div class=\"elementor-spacer\">\n\t\t\t<div class=\"elementor-spacer-inner\"><\/div>\n\t\t<\/div>\n\t\t\t\t\t\t<\/div>\n\t\t\t\t<\/div>\n\t\t\t\t\t<\/div>\n\t\t<\/div>\n\t\t\t\t\t<\/div>\n\t\t<\/section>\n\t\t\t\t<\/div>\n\t\t","protected":false},"excerpt":{"rendered":"<p>Aalborg IT: Ihr zuverl\u00e4ssiger Partner f\u00fcr SAP-L\u00f6sungen Mehr Innovation f\u00fcr Ihr Unternehmen bietet h\u00f6here Effizienz Aalborg IT hat ein Ziel: Unternehmen zu helfen, ihr volles Potential auszusch\u00f6pfen.\u00a0 Durch innovative SAP-L\u00f6sungen (z.B. SAP S\/4 Hana) sichern wir Ihnen einen Marktvorteil.\u00a0 Dies kann Ihre Effizienz nachhaltig steigern und Ihr Wachstum f\u00f6rdern.\u00a0 Dank unserer Expertise \u00fcber die SAP [&hellip;]<\/p>\n","protected":false},"author":1,"featured_media":0,"parent":0,"menu_order":0,"comment_status":"closed","ping_status":"closed","template":"","meta":{"inline_featured_image":false,"footnotes":""},"class_list":["post-76699","page","type-page","status-publish","hentry"],"yoast_head":"<!-- This site is optimized with the Yoast SEO plugin v27.2 - https:\/\/yoast.com\/product\/yoast-seo-wordpress\/ -->\n<title>SAP - Aalborg IT<\/title>\n<meta name=\"robots\" content=\"index, follow, max-snippet:-1, max-image-preview:large, max-video-preview:-1\" \/>\n<link rel=\"canonical\" href=\"https:\/\/aalborg-it.com\/sap\/\" \/>\n<meta property=\"og:locale\" content=\"de_DE\" \/>\n<meta property=\"og:type\" content=\"article\" \/>\n<meta property=\"og:title\" content=\"SAP - Aalborg IT\" \/>\n<meta property=\"og:description\" content=\"Aalborg IT: Ihr zuverl\u00e4ssiger Partner f\u00fcr SAP-L\u00f6sungen Mehr Innovation f\u00fcr Ihr Unternehmen bietet h\u00f6here Effizienz Aalborg IT hat ein Ziel: Unternehmen zu helfen, ihr volles Potential auszusch\u00f6pfen.\u00a0 Durch innovative SAP-L\u00f6sungen (z.B. SAP S\/4 Hana) sichern wir Ihnen einen Marktvorteil.\u00a0 Dies kann Ihre Effizienz nachhaltig steigern und Ihr Wachstum f\u00f6rdern.\u00a0 Dank unserer Expertise \u00fcber die SAP [&hellip;]\" \/>\n<meta property=\"og:url\" content=\"https:\/\/aalborg-it.com\/sap\/\" \/>\n<meta property=\"og:site_name\" content=\"Aalborg IT\" \/>\n<meta property=\"article:modified_time\" content=\"2024-12-13T19:48:39+00:00\" \/>\n<meta property=\"og:image\" content=\"https:\/\/aalborg-it.com\/wp-content\/uploads\/2024\/04\/sap.jpg\" \/>\n\t<meta property=\"og:image:width\" content=\"716\" \/>\n\t<meta property=\"og:image:height\" content=\"715\" \/>\n\t<meta property=\"og:image:type\" content=\"image\/jpeg\" \/>\n<meta name=\"twitter:card\" content=\"summary_large_image\" \/>\n<meta name=\"twitter:label1\" content=\"Gesch\u00e4tzte Lesezeit\" \/>\n\t<meta name=\"twitter:data1\" content=\"2\u00a0Minuten\" \/>\n<script type=\"application\/ld+json\" class=\"yoast-schema-graph\">{\"@context\":\"https:\/\/schema.org\",\"@graph\":[{\"@type\":\"WebPage\",\"@id\":\"https:\/\/aalborg-it.com\/sap\/\",\"url\":\"https:\/\/aalborg-it.com\/sap\/\",\"name\":\"SAP - Aalborg IT\",\"isPartOf\":{\"@id\":\"https:\/\/aalborg-it.com\/#website\"},\"primaryImageOfPage\":{\"@id\":\"https:\/\/aalborg-it.com\/sap\/#primaryimage\"},\"image\":{\"@id\":\"https:\/\/aalborg-it.com\/sap\/#primaryimage\"},\"thumbnailUrl\":\"https:\/\/aalborg-it.com\/wp-content\/uploads\/2024\/04\/sap.jpg\",\"datePublished\":\"2024-04-18T11:09:32+00:00\",\"dateModified\":\"2024-12-13T19:48:39+00:00\",\"breadcrumb\":{\"@id\":\"https:\/\/aalborg-it.com\/sap\/#breadcrumb\"},\"inLanguage\":\"de\",\"potentialAction\":[{\"@type\":\"ReadAction\",\"target\":[\"https:\/\/aalborg-it.com\/sap\/\"]}]},{\"@type\":\"ImageObject\",\"inLanguage\":\"de\",\"@id\":\"https:\/\/aalborg-it.com\/sap\/#primaryimage\",\"url\":\"https:\/\/aalborg-it.com\/wp-content\/uploads\/2024\/04\/sap.jpg\",\"contentUrl\":\"https:\/\/aalborg-it.com\/wp-content\/uploads\/2024\/04\/sap.jpg\"},{\"@type\":\"BreadcrumbList\",\"@id\":\"https:\/\/aalborg-it.com\/sap\/#breadcrumb\",\"itemListElement\":[{\"@type\":\"ListItem\",\"position\":1,\"name\":\"Home\",\"item\":\"https:\/\/aalborg-it.com\/\"},{\"@type\":\"ListItem\",\"position\":2,\"name\":\"SAP\"}]},{\"@type\":\"WebSite\",\"@id\":\"https:\/\/aalborg-it.com\/#website\",\"url\":\"https:\/\/aalborg-it.com\/\",\"name\":\"Aalborg IT\",\"description\":\"Elevate your ideas.\",\"publisher\":{\"@id\":\"https:\/\/aalborg-it.com\/#organization\"},\"potentialAction\":[{\"@type\":\"SearchAction\",\"target\":{\"@type\":\"EntryPoint\",\"urlTemplate\":\"https:\/\/aalborg-it.com\/?s={search_term_string}\"},\"query-input\":{\"@type\":\"PropertyValueSpecification\",\"valueRequired\":true,\"valueName\":\"search_term_string\"}}],\"inLanguage\":\"de\"},{\"@type\":\"Organization\",\"@id\":\"https:\/\/aalborg-it.com\/#organization\",\"name\":\"Aalborg IT\",\"url\":\"https:\/\/aalborg-it.com\/\",\"logo\":{\"@type\":\"ImageObject\",\"inLanguage\":\"de\",\"@id\":\"https:\/\/aalborg-it.com\/#\/schema\/logo\/image\/\",\"url\":\"https:\/\/aalborg-it.com\/wp-content\/uploads\/2020\/09\/cropped-Logo-CDR.png\",\"contentUrl\":\"https:\/\/aalborg-it.com\/wp-content\/uploads\/2020\/09\/cropped-Logo-CDR.png\",\"width\":512,\"height\":512,\"caption\":\"Aalborg IT\"},\"image\":{\"@id\":\"https:\/\/aalborg-it.com\/#\/schema\/logo\/image\/\"},\"sameAs\":[\"https:\/\/www.linkedin.com\/company\/aalborg-it\"]}]}<\/script>\n<!-- \/ Yoast SEO plugin. -->","yoast_head_json":{"title":"SAP - Aalborg IT","robots":{"index":"index","follow":"follow","max-snippet":"max-snippet:-1","max-image-preview":"max-image-preview:large","max-video-preview":"max-video-preview:-1"},"canonical":"https:\/\/aalborg-it.com\/sap\/","og_locale":"de_DE","og_type":"article","og_title":"SAP - Aalborg IT","og_description":"Aalborg IT: Ihr zuverl\u00e4ssiger Partner f\u00fcr SAP-L\u00f6sungen Mehr Innovation f\u00fcr Ihr Unternehmen bietet h\u00f6here Effizienz Aalborg IT hat ein Ziel: Unternehmen zu helfen, ihr volles Potential auszusch\u00f6pfen.\u00a0 Durch innovative SAP-L\u00f6sungen (z.B. SAP S\/4 Hana) sichern wir Ihnen einen Marktvorteil.\u00a0 Dies kann Ihre Effizienz nachhaltig steigern und Ihr Wachstum f\u00f6rdern.\u00a0 Dank unserer Expertise \u00fcber die SAP [&hellip;]","og_url":"https:\/\/aalborg-it.com\/sap\/","og_site_name":"Aalborg IT","article_modified_time":"2024-12-13T19:48:39+00:00","og_image":[{"width":716,"height":715,"url":"https:\/\/aalborg-it.com\/wp-content\/uploads\/2024\/04\/sap.jpg","type":"image\/jpeg"}],"twitter_card":"summary_large_image","twitter_misc":{"Gesch\u00e4tzte Lesezeit":"2\u00a0Minuten"},"schema":{"@context":"https:\/\/schema.org","@graph":[{"@type":"WebPage","@id":"https:\/\/aalborg-it.com\/sap\/","url":"https:\/\/aalborg-it.com\/sap\/","name":"SAP - Aalborg IT","isPartOf":{"@id":"https:\/\/aalborg-it.com\/#website"},"primaryImageOfPage":{"@id":"https:\/\/aalborg-it.com\/sap\/#primaryimage"},"image":{"@id":"https:\/\/aalborg-it.com\/sap\/#primaryimage"},"thumbnailUrl":"https:\/\/aalborg-it.com\/wp-content\/uploads\/2024\/04\/sap.jpg","datePublished":"2024-04-18T11:09:32+00:00","dateModified":"2024-12-13T19:48:39+00:00","breadcrumb":{"@id":"https:\/\/aalborg-it.com\/sap\/#breadcrumb"},"inLanguage":"de","potentialAction":[{"@type":"ReadAction","target":["https:\/\/aalborg-it.com\/sap\/"]}]},{"@type":"ImageObject","inLanguage":"de","@id":"https:\/\/aalborg-it.com\/sap\/#primaryimage","url":"https:\/\/aalborg-it.com\/wp-content\/uploads\/2024\/04\/sap.jpg","contentUrl":"https:\/\/aalborg-it.com\/wp-content\/uploads\/2024\/04\/sap.jpg"},{"@type":"BreadcrumbList","@id":"https:\/\/aalborg-it.com\/sap\/#breadcrumb","itemListElement":[{"@type":"ListItem","position":1,"name":"Home","item":"https:\/\/aalborg-it.com\/"},{"@type":"ListItem","position":2,"name":"SAP"}]},{"@type":"WebSite","@id":"https:\/\/aalborg-it.com\/#website","url":"https:\/\/aalborg-it.com\/","name":"Aalborg IT","description":"Elevate your ideas.","publisher":{"@id":"https:\/\/aalborg-it.com\/#organization"},"potentialAction":[{"@type":"SearchAction","target":{"@type":"EntryPoint","urlTemplate":"https:\/\/aalborg-it.com\/?s={search_term_string}"},"query-input":{"@type":"PropertyValueSpecification","valueRequired":true,"valueName":"search_term_string"}}],"inLanguage":"de"},{"@type":"Organization","@id":"https:\/\/aalborg-it.com\/#organization","name":"Aalborg IT","url":"https:\/\/aalborg-it.com\/","logo":{"@type":"ImageObject","inLanguage":"de","@id":"https:\/\/aalborg-it.com\/#\/schema\/logo\/image\/","url":"https:\/\/aalborg-it.com\/wp-content\/uploads\/2020\/09\/cropped-Logo-CDR.png","contentUrl":"https:\/\/aalborg-it.com\/wp-content\/uploads\/2020\/09\/cropped-Logo-CDR.png","width":512,"height":512,"caption":"Aalborg IT"},"image":{"@id":"https:\/\/aalborg-it.com\/#\/schema\/logo\/image\/"},"sameAs":["https:\/\/www.linkedin.com\/company\/aalborg-it"]}]}},"_links":{"self":[{"href":"https:\/\/aalborg-it.com\/de\/wp-json\/wp\/v2\/pages\/76699","targetHints":{"allow":["GET"]}}],"collection":[{"href":"https:\/\/aalborg-it.com\/de\/wp-json\/wp\/v2\/pages"}],"about":[{"href":"https:\/\/aalborg-it.com\/de\/wp-json\/wp\/v2\/types\/page"}],"author":[{"embeddable":true,"href":"https:\/\/aalborg-it.com\/de\/wp-json\/wp\/v2\/users\/1"}],"replies":[{"embeddable":true,"href":"https:\/\/aalborg-it.com\/de\/wp-json\/wp\/v2\/comments?post=76699"}],"version-history":[{"count":16,"href":"https:\/\/aalborg-it.com\/de\/wp-json\/wp\/v2\/pages\/76699\/revisions"}],"predecessor-version":[{"id":77321,"href":"https:\/\/aalborg-it.com\/de\/wp-json\/wp\/v2\/pages\/76699\/revisions\/77321"}],"wp:attachment":[{"href":"https:\/\/aalborg-it.com\/de\/wp-json\/wp\/v2\/media?parent=76699"}],"curies":[{"name":"wp","href":"https:\/\/api.w.org\/{rel}","templated":true}]}}