{"id":76543,"date":"2024-03-31T12:03:52","date_gmt":"2024-03-31T12:03:52","guid":{"rendered":"https:\/\/staging.thehexabytesolutions.com\/?page_id=76543"},"modified":"2024-05-14T23:06:12","modified_gmt":"2024-05-14T23:06:12","slug":"rechtliche","status":"publish","type":"page","link":"https:\/\/aalborg-it.com\/de\/rechtliche\/","title":{"rendered":"RECHTLICHES"},"content":{"rendered":"\t\t<div data-elementor-type=\"wp-page\" data-elementor-id=\"76543\" class=\"elementor elementor-76543\">\n\t\t\t\t\t\t<section class=\"elementor-section elementor-top-section elementor-element elementor-element-7ca6f28 elementor-section-boxed elementor-section-height-default elementor-section-height-default\" data-id=\"7ca6f28\" data-element_type=\"section\" data-e-type=\"section\">\n\t\t\t\t\t\t<div class=\"elementor-container elementor-column-gap-default\">\n\t\t\t\t\t<div class=\" elementor-column elementor-col-100 elementor-top-column elementor-element elementor-element-43e7570\" data-fullscreen-column-settings=\"{&quot;fullscreen&quot;:&quot;&quot;}\" data-id=\"43e7570\" data-element_type=\"column\" data-e-type=\"column\">\n\t\t\t<div class=\"elementor-widget-wrap elementor-element-populated\">\n\t\t\t\t\t\t<div class=\"elementor-element elementor-element-d379ab8 elementor-widget elementor-widget-spacer\" data-id=\"d379ab8\" data-element_type=\"widget\" data-e-type=\"widget\" data-widget_type=\"spacer.default\">\n\t\t\t\t<div class=\"elementor-widget-container\">\n\t\t\t\t\t\t\t<div class=\"elementor-spacer\">\n\t\t\t<div class=\"elementor-spacer-inner\"><\/div>\n\t\t<\/div>\n\t\t\t\t\t\t<\/div>\n\t\t\t\t<\/div>\n\t\t\t\t<div class=\"elementor-element elementor-element-6128aaf elementor-widget elementor-widget-text-editor\" data-id=\"6128aaf\" data-element_type=\"widget\" data-e-type=\"widget\" data-widget_type=\"text-editor.default\">\n\t\t\t\t<div class=\"elementor-widget-container\">\n\t\t\t\t\t\t\t\t\t<p><span style=\"font-weight: 400;\">RECHTLICHE HINWEISE<\/span><br>\nAlle pers\u00f6nlichen Angaben, die Sie im Dialog mit uns machen, werden streng vertraulich behandelt. Sie werden lediglich zur \u00dcbersendung von Produktinformationen, Ihrer individuellen Betreuung oder der Unterbreitung von Serviceangeboten genutzt und mit Ihrem Einverst\u00e4ndnis ggf. an Ixchange.me ideas &amp; pioneers GmbH Konzernunternehmen weitergegeben. Wir haben diese Website mit der gr\u00f6\u00dftm\u00f6glichen Sorgfalt f\u00fcr Sie zusammengestellt. Trotzdem k\u00f6nnen wir f\u00fcr absolute Fehlerfreiheit nicht garantieren. Ixchange.me ideas &amp; pioneers GmbH schlie\u00dft jede Haftung f\u00fcr Sch\u00e4den, die direkt oder indirekt aus der Benutzung der Webseite entstehen, aus, es sei denn, ein Schaden ist auf eine vors\u00e4tzliche oder grob fahrl\u00e4ssige Verletzungshandlung zur\u00fcckzuf\u00fchren. Diese Haftungseinschr\u00e4nkung gilt nicht f\u00fcr Sch\u00e4den wegen der Verletzung des Lebens, des K\u00f6rpers oder der Gesundheit. Alle Aussagen \u00fcber rechtliche und steuerliche Vorschriften und Auswirkungen haben nur f\u00fcr die Bundesrepublik Deutschland G\u00fcltigkeit.<\/p>\n<p>\n<span style=\"font-weight: 400;\">NUTZUNGSBEDINGUNGEN<\/span><br>Diese Website ist f\u00fcr den Gebrauch der Internetnutzer bestimmt. Zugriff und Nutzung dieser Webseite unterliegen den im Folgenden aufgef\u00fchrten allgemeinen Bedingungen sowie geltenden gesetzlichen Bestimmungen. Der Aufbau einer Verbindung zur Website und der Zugriff darauf setzen voraus, dass der Internetnutzer s\u00e4mtlichen Bestimmungen der vorliegenden allgemeinen Bedingungen in vollem Umfang und vorbehaltlos zustimmt. Ixchange.me ideas &amp; pioneers GmbH beh\u00e4lt sich das Recht vor, die vorliegenden allgemeinen Bedingungen sowie s\u00e4mtliche Komponenten, Produkte oder Leistungen auf der Website ohne Vorank\u00fcndigung zu \u00e4ndern bzw. zu aktualisieren.<\/p>\n<p>F\u00fcr die Internetnutzer haben diese \u00c4nderungen grunds\u00e4tzlich G\u00fcltigkeit, daher sind bei jedem Aufruf die vorliegenden allgemeinen Bedingungen einzusehen.<\/p>\n<ol>\n<li><span style=\"font-weight: 400;\"> Rechte des geistigen Eigentums<br>\n<\/span>Ixchange.me ideas &amp; pioneers GmbH\u202fsetzt die Benutzer dieser Webseite dar\u00fcber in Kenntnis, dass ein gro\u00dfer Teil der Komponenten dieser Website<br>\n&#8211; urheberrechtlich gesch\u00fctzt ist; dies gilt insbesondere f\u00fcr Fotos, Artikel, Abbildungen, animierte Grafiken usw.<br>\n&#8211; und\/oder musterrechtlich gesch\u00fctzt ist; dies gilt insbesondere f\u00fcr materielle Produkte, die auf der Webseite erscheinen<br>\n&#8211; markenrechtlich gesch\u00fctzt ist; dies gilt insbesondere f\u00fcr die Marke\u202fIxchange.me ideas &amp; pioneers GmbH, und andere Marken auf diser Webseite.<br>\nDie so gesch\u00fctzten Komponenten sind Eigentum von ixchange.me ideas &amp; pioneers GmbH bzw. von Dritten, die\u202fIxchange.me ideas &amp; pioneers GmbH\u202f oder Partner (e.g. walross.mx) zur Nutzung der jeweiligen Komponenten berechtigt haben. Daher ist jede vollst\u00e4ndige oder teilweise Vervielf\u00e4ltigung, Wiedergabe, Nutzung, Anpassung, \u00c4nderung, Vermischung, \u00dcbersetzung, oder Vermarktung in jedweder Form und jedwedem Medium (Papierform, digitaler Datentr\u00e4ger usw.) ohne vorherige schriftliche Genehmigung von\u202fIxchange.me ideas &amp; pioneers GmbH\u202fnicht zul\u00e4ssig.<\/li>\n<\/ol>\n<ol start=\"2\">\n<li><span style=\"font-weight: 400;\"> Informationen zu Produkten und Dienstleistungen<br>\n<\/span>Alle Preisangaben sind unverbindliche Preisempfehlungen der Ixchange.me ideas &amp; pioneers GmbH zzgl. \u00dcberf\u00fchrungskosten. Sie sind nicht verpflichtend weder f\u00fcr die Ixchange.me ideas &amp; pioneers GmbH, noch f\u00fcr etwaige Tochtergesellschaften oder sonstige Mitglieder des Partnernetzes. Wir machen Sie darauf aufmerksam, dass die Unterzeichnung eines Bestellformulars oder einer Reservierung bei einem H\u00e4ndler zum Kauf verpflichtet, bzw. die Reservierung wirksam macht.<\/li>\n<\/ol>\n<ol start=\"3\">\n<li><span style=\"font-weight: 400;\"> Informationen zu Produkten und Services<br>\n<\/span>Die Informationen und Illustrationen auf den Seiten dieser Website basieren auf technischen Daten, wie sie zum Zeitpunkt der Fertigstellung oder Aktualisierung dieser Seiten gelten. Nach aktueller Technik ist zudem keine originalgetreue Wiedergabe der Farben m\u00f6glich. Die auf dieser Website dargestellten Modelle und\/oder Versionen sowie Lieferoptionen sind lediglich Beispiele.<\/li>\n<\/ol>\n<ol start=\"4\">\n<li>Dienstleistungen<br>\nDie Dienste auf dieser Seite entsprechen den Dienstleistungen, die von den teilnehmenden Ixchange.me ideas &amp; pioneers GmbH oder Partnern des Ixchange.me ideas &amp; pioneers GmbH Partnernetzes angeboten werden. Bei den Preisen, f\u00fcr Teile und Zubeh\u00f6r sowie Accessoires, handelt es sich um unverbindliche Preisempfehlungen zuz\u00fcglich Frachtkosten. Die Ixchange.me ideas &amp; pioneers GmbH Partner-Betriebe stehen Ihnen f\u00fcr weitere Fragen zu Produkten oder Dienstleistungen zur Verf\u00fcgung. Wir m\u00f6chten Sie daran erinnern, dass es sich bei unseren Partnernum unabh\u00e4ngige Betriebe handelt, deren Preise von der Preisempfehlung abweichen k\u00f6nnen. Sie sind selbst verantwortlich f\u00fcr die auf der Seite kommunizierten Inhalte.<\/li>\n<\/ol>\n<ol start=\"5\">\n<li><span style=\"font-weight: 400;\"> Schutz von Personendaten<br>\n<\/span>F\u00fcr Informationen \u00fcber die Verarbeitung Ihrer personenbezogenen Daten konsultieren Sie bitte die Datenschutzrichtlinie dieser Website. Mit der Nutzung dieser Website\/Applikation akzeptieren Sie diese Regelungen.<\/li>\n<\/ol>\n<ol start=\"6\">\n<li><span style=\"font-weight: 400;\"> Hyperlinks<br>\n<\/span>Ixchange.me ideas &amp; pioneers GmbH \u00fcbernimmt keinerlei Gew\u00e4hr f\u00fcr diese fremden Inhalte sowie die Produkte oder Dienstleistungen von Webseiten, die mit dieser Webseite durch einen Hyperlink oder jegliche andere Art von Link verkn\u00fcpft sind.<\/li>\n<\/ol>\n<ol start=\"7\">\n<li><span style=\"font-weight: 400;\"> Passw\u00f6rter<br>\n<\/span>Ixchange.me ideas &amp; pioneers GmbH bietet Ihnen auf dieser Seite unterschiedliche Bereiche, die Ihnen den Zugriff zu besonderen Dienstleistungen erm\u00f6glichen. Um Zugriff auf diese Bereiche zu erhalten, m\u00fcssen Sie Ihre Email-Adresse, Ihren Namen und Vornamen und ein Passwort eingeben. Dieses Passwort ist streng vertraulich und garantiert die Sicherheit Ihrer Daten. Aus diesem Grund sind Sie f\u00fcr den Gebrauch dieses Passwortes verantwortlich. Bei jeglichem Missbrauch sollten Sie Ixchange.me ideas &amp; pioneers GmbH davon in Kenntnis setzen und darauf achten sich nach jedem Besuch der Seite abzumelden.<\/li>\n<\/ol>\n<ol start=\"8\">\n<li><span style=\"font-weight: 400;\"> Beschr\u00e4nkte Haftbarkeit<br>\n<\/span>Die Nutzung der Website erfolgt auf Ihre eigene und uneingeschr\u00e4nkte Verantwortung. Ixchange.me ideas &amp; pioneers GmbH und seine Partner k\u00f6nnen f\u00fcr direkte oder indirekte Sch\u00e4den, insbesondere f\u00fcr materielle Sch\u00e4den, Daten- oder Programmverluste oder finanzielle Sch\u00e4den, die sich aus der Nutzung dieser Webseite oder damit verlinkter Webseiten ergeben, nicht haftbar gemacht werden.<br>\nWir weisen Sie darauf hin, dass bestimmte Produkte oder Leistungen auf der Webseite in einigen L\u00e4ndern m\u00f6glicherweise besonderen gesetzlichen Regelungen bzw. Einschr\u00e4nkungen und\/oder Verboten unterliegen.<br>\nEs ist daher erforderlich, dass Sie sich dar\u00fcber informieren, ob nach den Gesetzen des Landes, in dem Sie Ihre Internetverbindung herstellen, das Aufrufen der Webseite zul\u00e4ssig ist.<\/li>\n<\/ol>\n<ol start=\"9\">\n<li><span style=\"font-weight: 400;\"> Aktualisierungen<br>\n<\/span>Ixchange.me ideas &amp; pioneers GmbH beh\u00e4lt sich das Recht vor, die vorliegenden allgemeinen Nutzungsbedingungen und alle Elemente, Produkte oder Dienste auf der Website jederzeit ohne Vorank\u00fcndigung zu \u00e4ndern oder zu aktualisieren.<br>\nDie vorliegenden Nutzungsbedingungen sind von den Nutzern vor jedem Besuch der Website zu konsultieren und alle \u00c4nderungen der Website zu ber\u00fccksichtigen.<\/li>\n<\/ol>\n<ol start=\"11\">\n<li><span style=\"font-weight: 400;\"> Verbraucherinformation gem\u00e4\u00df Verordnung (EU) Nr. 524\/2013:<br>\n<\/span>Zur au\u00dfergerichtlichen Streitbeilegung von verbraucherrechtlichen Streitigkeiten hat die Europ\u00e4ische Kommission eine Plattform zur Online-Streitbeilegung (OS) eingerichtet. Die Plattform finden Sie unter http:\/\/ec.europa.eu\/consumers\/odr\/.<\/li>\n<\/ol>\n<ol start=\"12\">\n<li><span style=\"font-weight: 400;\"> Hinweis gem\u00e4\u00df \u00a736 Verbraucherstreitbeilegungsgesetz (VSBG):<br>\n<\/span>Ixchange.me ideas &amp; pioneers GmbH wird nicht an einem Streitbeilegungsverfahren vor einer Verbraucherschlichtungsstelle im Sinne des VSBG teilnehmen und ist hierzu auch nicht verpflichtet.<\/li>\n<\/ol>\t\t\t\t\t\t\t\t<\/div>\n\t\t\t\t<\/div>\n\t\t\t\t<div class=\"elementor-element elementor-element-b1bb9bb elementor-widget elementor-widget-spacer\" data-id=\"b1bb9bb\" data-element_type=\"widget\" data-e-type=\"widget\" data-widget_type=\"spacer.default\">\n\t\t\t\t<div class=\"elementor-widget-container\">\n\t\t\t\t\t\t\t<div class=\"elementor-spacer\">\n\t\t\t<div class=\"elementor-spacer-inner\"><\/div>\n\t\t<\/div>\n\t\t\t\t\t\t<\/div>\n\t\t\t\t<\/div>\n\t\t\t\t\t<\/div>\n\t\t<\/div>\n\t\t\t\t\t<\/div>\n\t\t<\/section>\n\t\t\t\t<\/div>\n\t\t","protected":false},"excerpt":{"rendered":"<p>RECHTLICHE HINWEISE Alle pers\u00f6nlichen Angaben, die Sie im Dialog mit uns machen, werden streng vertraulich behandelt. Sie werden lediglich zur \u00dcbersendung von Produktinformationen, Ihrer individuellen Betreuung oder der Unterbreitung von Serviceangeboten genutzt und mit Ihrem Einverst\u00e4ndnis ggf. an Ixchange.me ideas &amp; pioneers GmbH Konzernunternehmen weitergegeben. Wir haben diese Website mit der gr\u00f6\u00dftm\u00f6glichen Sorgfalt f\u00fcr Sie [&hellip;]<\/p>\n","protected":false},"author":1,"featured_media":0,"parent":0,"menu_order":0,"comment_status":"closed","ping_status":"closed","template":"","meta":{"inline_featured_image":false,"footnotes":""},"class_list":["post-76543","page","type-page","status-publish","hentry"],"yoast_head":"<!-- This site is optimized with the Yoast SEO plugin v27.2 - https:\/\/yoast.com\/product\/yoast-seo-wordpress\/ -->\n<title>RECHTLICHES - Aalborg IT<\/title>\n<meta name=\"robots\" content=\"index, follow, max-snippet:-1, max-image-preview:large, max-video-preview:-1\" \/>\n<link rel=\"canonical\" href=\"https:\/\/aalborg-it.com\/de\/rechtliche\/\" \/>\n<meta property=\"og:locale\" content=\"de_DE\" \/>\n<meta property=\"og:type\" content=\"article\" \/>\n<meta property=\"og:title\" content=\"RECHTLICHES - Aalborg IT\" \/>\n<meta property=\"og:description\" content=\"RECHTLICHE HINWEISE Alle pers\u00f6nlichen Angaben, die Sie im Dialog mit uns machen, werden streng vertraulich behandelt. Sie werden lediglich zur \u00dcbersendung von Produktinformationen, Ihrer individuellen Betreuung oder der Unterbreitung von Serviceangeboten genutzt und mit Ihrem Einverst\u00e4ndnis ggf. an Ixchange.me ideas &amp; pioneers GmbH Konzernunternehmen weitergegeben. Wir haben diese Website mit der gr\u00f6\u00dftm\u00f6glichen Sorgfalt f\u00fcr Sie [&hellip;]\" \/>\n<meta property=\"og:url\" content=\"https:\/\/aalborg-it.com\/de\/rechtliche\/\" \/>\n<meta property=\"og:site_name\" content=\"Aalborg IT\" \/>\n<meta property=\"article:modified_time\" content=\"2024-05-14T23:06:12+00:00\" \/>\n<meta name=\"twitter:card\" content=\"summary_large_image\" \/>\n<meta name=\"twitter:label1\" content=\"Gesch\u00e4tzte Lesezeit\" \/>\n\t<meta name=\"twitter:data1\" content=\"5\u00a0Minuten\" \/>\n<script type=\"application\/ld+json\" class=\"yoast-schema-graph\">{\"@context\":\"https:\/\/schema.org\",\"@graph\":[{\"@type\":\"WebPage\",\"@id\":\"https:\/\/aalborg-it.com\/de\/rechtliche\/\",\"url\":\"https:\/\/aalborg-it.com\/de\/rechtliche\/\",\"name\":\"RECHTLICHES - Aalborg IT\",\"isPartOf\":{\"@id\":\"https:\/\/aalborg-it.com\/#website\"},\"datePublished\":\"2024-03-31T12:03:52+00:00\",\"dateModified\":\"2024-05-14T23:06:12+00:00\",\"breadcrumb\":{\"@id\":\"https:\/\/aalborg-it.com\/de\/rechtliche\/#breadcrumb\"},\"inLanguage\":\"de\",\"potentialAction\":[{\"@type\":\"ReadAction\",\"target\":[\"https:\/\/aalborg-it.com\/de\/rechtliche\/\"]}]},{\"@type\":\"BreadcrumbList\",\"@id\":\"https:\/\/aalborg-it.com\/de\/rechtliche\/#breadcrumb\",\"itemListElement\":[{\"@type\":\"ListItem\",\"position\":1,\"name\":\"Home\",\"item\":\"https:\/\/aalborg-it.com\/\"},{\"@type\":\"ListItem\",\"position\":2,\"name\":\"RECHTLICHES\"}]},{\"@type\":\"WebSite\",\"@id\":\"https:\/\/aalborg-it.com\/#website\",\"url\":\"https:\/\/aalborg-it.com\/\",\"name\":\"Aalborg IT\",\"description\":\"Elevate your ideas.\",\"publisher\":{\"@id\":\"https:\/\/aalborg-it.com\/#organization\"},\"potentialAction\":[{\"@type\":\"SearchAction\",\"target\":{\"@type\":\"EntryPoint\",\"urlTemplate\":\"https:\/\/aalborg-it.com\/?s={search_term_string}\"},\"query-input\":{\"@type\":\"PropertyValueSpecification\",\"valueRequired\":true,\"valueName\":\"search_term_string\"}}],\"inLanguage\":\"de\"},{\"@type\":\"Organization\",\"@id\":\"https:\/\/aalborg-it.com\/#organization\",\"name\":\"Aalborg IT\",\"url\":\"https:\/\/aalborg-it.com\/\",\"logo\":{\"@type\":\"ImageObject\",\"inLanguage\":\"de\",\"@id\":\"https:\/\/aalborg-it.com\/#\/schema\/logo\/image\/\",\"url\":\"https:\/\/aalborg-it.com\/wp-content\/uploads\/2020\/09\/cropped-Logo-CDR.png\",\"contentUrl\":\"https:\/\/aalborg-it.com\/wp-content\/uploads\/2020\/09\/cropped-Logo-CDR.png\",\"width\":512,\"height\":512,\"caption\":\"Aalborg IT\"},\"image\":{\"@id\":\"https:\/\/aalborg-it.com\/#\/schema\/logo\/image\/\"},\"sameAs\":[\"https:\/\/www.linkedin.com\/company\/aalborg-it\"]}]}<\/script>\n<!-- \/ Yoast SEO plugin. -->","yoast_head_json":{"title":"RECHTLICHES - Aalborg IT","robots":{"index":"index","follow":"follow","max-snippet":"max-snippet:-1","max-image-preview":"max-image-preview:large","max-video-preview":"max-video-preview:-1"},"canonical":"https:\/\/aalborg-it.com\/de\/rechtliche\/","og_locale":"de_DE","og_type":"article","og_title":"RECHTLICHES - Aalborg IT","og_description":"RECHTLICHE HINWEISE Alle pers\u00f6nlichen Angaben, die Sie im Dialog mit uns machen, werden streng vertraulich behandelt. Sie werden lediglich zur \u00dcbersendung von Produktinformationen, Ihrer individuellen Betreuung oder der Unterbreitung von Serviceangeboten genutzt und mit Ihrem Einverst\u00e4ndnis ggf. an Ixchange.me ideas &amp; pioneers GmbH Konzernunternehmen weitergegeben. Wir haben diese Website mit der gr\u00f6\u00dftm\u00f6glichen Sorgfalt f\u00fcr Sie [&hellip;]","og_url":"https:\/\/aalborg-it.com\/de\/rechtliche\/","og_site_name":"Aalborg IT","article_modified_time":"2024-05-14T23:06:12+00:00","twitter_card":"summary_large_image","twitter_misc":{"Gesch\u00e4tzte Lesezeit":"5\u00a0Minuten"},"schema":{"@context":"https:\/\/schema.org","@graph":[{"@type":"WebPage","@id":"https:\/\/aalborg-it.com\/de\/rechtliche\/","url":"https:\/\/aalborg-it.com\/de\/rechtliche\/","name":"RECHTLICHES - Aalborg IT","isPartOf":{"@id":"https:\/\/aalborg-it.com\/#website"},"datePublished":"2024-03-31T12:03:52+00:00","dateModified":"2024-05-14T23:06:12+00:00","breadcrumb":{"@id":"https:\/\/aalborg-it.com\/de\/rechtliche\/#breadcrumb"},"inLanguage":"de","potentialAction":[{"@type":"ReadAction","target":["https:\/\/aalborg-it.com\/de\/rechtliche\/"]}]},{"@type":"BreadcrumbList","@id":"https:\/\/aalborg-it.com\/de\/rechtliche\/#breadcrumb","itemListElement":[{"@type":"ListItem","position":1,"name":"Home","item":"https:\/\/aalborg-it.com\/"},{"@type":"ListItem","position":2,"name":"RECHTLICHES"}]},{"@type":"WebSite","@id":"https:\/\/aalborg-it.com\/#website","url":"https:\/\/aalborg-it.com\/","name":"Aalborg IT","description":"Elevate your ideas.","publisher":{"@id":"https:\/\/aalborg-it.com\/#organization"},"potentialAction":[{"@type":"SearchAction","target":{"@type":"EntryPoint","urlTemplate":"https:\/\/aalborg-it.com\/?s={search_term_string}"},"query-input":{"@type":"PropertyValueSpecification","valueRequired":true,"valueName":"search_term_string"}}],"inLanguage":"de"},{"@type":"Organization","@id":"https:\/\/aalborg-it.com\/#organization","name":"Aalborg IT","url":"https:\/\/aalborg-it.com\/","logo":{"@type":"ImageObject","inLanguage":"de","@id":"https:\/\/aalborg-it.com\/#\/schema\/logo\/image\/","url":"https:\/\/aalborg-it.com\/wp-content\/uploads\/2020\/09\/cropped-Logo-CDR.png","contentUrl":"https:\/\/aalborg-it.com\/wp-content\/uploads\/2020\/09\/cropped-Logo-CDR.png","width":512,"height":512,"caption":"Aalborg IT"},"image":{"@id":"https:\/\/aalborg-it.com\/#\/schema\/logo\/image\/"},"sameAs":["https:\/\/www.linkedin.com\/company\/aalborg-it"]}]}},"_links":{"self":[{"href":"https:\/\/aalborg-it.com\/de\/wp-json\/wp\/v2\/pages\/76543","targetHints":{"allow":["GET"]}}],"collection":[{"href":"https:\/\/aalborg-it.com\/de\/wp-json\/wp\/v2\/pages"}],"about":[{"href":"https:\/\/aalborg-it.com\/de\/wp-json\/wp\/v2\/types\/page"}],"author":[{"embeddable":true,"href":"https:\/\/aalborg-it.com\/de\/wp-json\/wp\/v2\/users\/1"}],"replies":[{"embeddable":true,"href":"https:\/\/aalborg-it.com\/de\/wp-json\/wp\/v2\/comments?post=76543"}],"version-history":[{"count":21,"href":"https:\/\/aalborg-it.com\/de\/wp-json\/wp\/v2\/pages\/76543\/revisions"}],"predecessor-version":[{"id":76852,"href":"https:\/\/aalborg-it.com\/de\/wp-json\/wp\/v2\/pages\/76543\/revisions\/76852"}],"wp:attachment":[{"href":"https:\/\/aalborg-it.com\/de\/wp-json\/wp\/v2\/media?parent=76543"}],"curies":[{"name":"wp","href":"https:\/\/api.w.org\/{rel}","templated":true}]}}