{"id":76384,"date":"2024-03-24T09:13:12","date_gmt":"2024-03-24T09:13:12","guid":{"rendered":"https:\/\/staging.thehexabytesolutions.com\/?page_id=76384"},"modified":"2025-07-12T00:16:19","modified_gmt":"2025-07-11T23:16:19","slug":"impressum","status":"publish","type":"page","link":"https:\/\/aalborg-it.com\/de\/impressum\/","title":{"rendered":"Impressum"},"content":{"rendered":"\t\t<div data-elementor-type=\"wp-page\" data-elementor-id=\"76384\" class=\"elementor elementor-76384\">\n\t\t\t\t\t\t<section class=\"elementor-section elementor-top-section elementor-element elementor-element-acbe597 elementor-section-boxed elementor-section-height-default elementor-section-height-default\" data-id=\"acbe597\" data-element_type=\"section\" data-e-type=\"section\">\n\t\t\t\t\t\t<div class=\"elementor-container elementor-column-gap-default\">\n\t\t\t\t\t<div class=\" elementor-column elementor-col-100 elementor-top-column elementor-element elementor-element-8fd4ef4\" data-fullscreen-column-settings=\"{&quot;fullscreen&quot;:&quot;&quot;}\" data-id=\"8fd4ef4\" data-element_type=\"column\" data-e-type=\"column\">\n\t\t\t<div class=\"elementor-widget-wrap elementor-element-populated\">\n\t\t\t\t\t\t<div class=\"elementor-element elementor-element-5ea4b6f elementor-widget elementor-widget-text-editor\" data-id=\"5ea4b6f\" data-element_type=\"widget\" data-e-type=\"widget\" data-widget_type=\"text-editor.default\">\n\t\t\t\t<div class=\"elementor-widget-container\">\n\t\t\t\t\t\t\t\t\t<p>Verantwortlich f\u00fcr dieses Angebot gem\u00e4\u00df \u00a7 18 Abs.1 MStV. :<\/p><p>ixchange.me ideas &amp; pioneers GmbH<br \/><span style=\"color: var( --e-global-color-text ); font-family: var( --e-global-typography-text-font-family ), Sans-serif; font-weight: var( --e-global-typography-text-font-weight ); background-color: var(--bs-body-bg); text-align: var(--bs-body-text-align);\">Kellergasse 22<br \/><\/span><span style=\"color: var( --e-global-color-text ); font-family: var( --e-global-typography-text-font-family ), Sans-serif; font-weight: var( --e-global-typography-text-font-weight ); background-color: var(--bs-body-bg); text-align: var(--bs-body-text-align);\">74223 Flein<\/span><\/p><p>Vertreten durch:<br \/><span style=\"color: var( --e-global-color-text ); font-family: var( --e-global-typography-text-font-family ), Sans-serif; font-weight: var( --e-global-typography-text-font-weight ); background-color: var(--bs-body-bg); text-align: var(--bs-body-text-align);\">Dr. Shabo Simon, Thomas Scholz, Christian Preis<\/span><\/p><p>Kontakt:<br \/><span style=\"color: var( --e-global-color-text ); font-family: var( --e-global-typography-text-font-family ), Sans-serif; font-weight: var( --e-global-typography-text-font-weight ); background-color: var(--bs-body-bg); text-align: var(--bs-body-text-align);\">Telefon: +49 (0) 71312030328<br \/><\/span><span style=\"color: var( --e-global-color-text ); font-family: var( --e-global-typography-text-font-family ), Sans-serif; font-weight: var( --e-global-typography-text-font-weight ); background-color: var(--bs-body-bg); text-align: var(--bs-body-text-align);\">Telefax: +49 (0) 123 44 55 99<br \/><\/span><span style=\"color: var( --e-global-color-text ); font-family: var( --e-global-typography-text-font-family ), Sans-serif; font-weight: var( --e-global-typography-text-font-weight ); background-color: var(--bs-body-bg); text-align: var(--bs-body-text-align);\">Email: info@aalborg-it.com<br \/><\/span><span style=\"color: var( --e-global-color-text ); font-family: var( --e-global-typography-text-font-family ), Sans-serif; font-weight: var( --e-global-typography-text-font-weight ); background-color: var(--bs-body-bg); text-align: var(--bs-body-text-align);\">Handelsregister: HRB 787252<\/span><\/p><p>Registergericht: Stuttgart<br \/><span style=\"color: var( --e-global-color-text ); font-family: var( --e-global-typography-text-font-family ), Sans-serif; font-weight: var( --e-global-typography-text-font-weight ); background-color: var(--bs-body-bg); text-align: var(--bs-body-text-align);\">Umsatzsteueridentifikationsnummer gem\u00e4\u00df \u00a727a Umsatzsteuergesetz:<br \/><\/span><span style=\"color: var( --e-global-color-text ); font-family: var( --e-global-typography-text-font-family ), Sans-serif; font-weight: var( --e-global-typography-text-font-weight ); background-color: var(--bs-body-bg); text-align: var(--bs-body-text-align);\">DE356870568<\/span><\/p><p>Inhaltlich verantwortlich gem\u00e4\u00df \u00a718 Abs.2 MStV:<br \/><span style=\"color: var( --e-global-color-text ); font-family: var( --e-global-typography-text-font-family ), Sans-serif; font-weight: var( --e-global-typography-text-font-weight ); background-color: var(--bs-body-bg); text-align: var(--bs-body-text-align);\">Dr. Shabo Simon<\/span><\/p><p>Alle Rechte vorbehalten. Jegliche Vervielf\u00e4ltigung oder Weiterverbreitung in jedem Medium als<br \/><span style=\"color: var( --e-global-color-text ); font-family: var( --e-global-typography-text-font-family ), Sans-serif; font-weight: var( --e-global-typography-text-font-weight ); background-color: var(--bs-body-bg); text-align: var(--bs-body-text-align);\">Ganzes oder in Teilen bedarf der schriftlichen Zustimmung der ixchange.me ideas &amp; pioneers GmbH.<\/span><\/p><p>Text- und Data-Mining:<br \/><span style=\"color: var( --e-global-color-text ); font-family: var( --e-global-typography-text-font-family ), Sans-serif; font-weight: var( --e-global-typography-text-font-weight ); background-color: var(--bs-body-bg); text-align: var(--bs-body-text-align);\">Die ixchange.me ideas &amp; pioneers GmbH beh\u00e4lt sich\u00a0<\/span><span style=\"color: var( --e-global-color-text ); font-family: var( --e-global-typography-text-font-family ), Sans-serif; font-weight: var( --e-global-typography-text-font-weight ); background-color: var(--bs-body-bg); text-align: var(--bs-body-text-align);\">eine Nutzung ihrer Inhalte f\u00fcr kommerzielles Text- und Data-Mining im Sinne von \u00a7 44b UrhG<br \/><\/span><span style=\"color: var( --e-global-color-text ); font-family: var( --e-global-typography-text-font-family ), Sans-serif; font-weight: var( --e-global-typography-text-font-weight ); background-color: var(--bs-body-bg); text-align: var(--bs-body-text-align);\">ausdr\u00fccklich vor. F\u00fcr den Erwerb einer entsprechenden Nutzungslizenz wenden Sie sich bitte an\u00a0<\/span><span style=\"color: var( --e-global-color-text ); font-family: var( --e-global-typography-text-font-family ), Sans-serif; font-weight: var( --e-global-typography-text-font-weight ); background-color: var(--bs-body-bg); text-align: var(--bs-body-text-align);\">info@ixchange.me<\/span><\/p><p>Haftungshinweis:<br \/><span style=\"color: var( --e-global-color-text ); font-family: var( --e-global-typography-text-font-family ), Sans-serif; font-weight: var( --e-global-typography-text-font-weight ); background-color: var(--bs-body-bg); text-align: var(--bs-body-text-align);\">Trotz sorgf\u00e4ltiger inhaltlicher Kontrolle \u00fcbernehmen wir\u00a0<\/span><span style=\"color: var( --e-global-color-text ); font-family: var( --e-global-typography-text-font-family ), Sans-serif; font-weight: var( --e-global-typography-text-font-weight ); background-color: var(--bs-body-bg); text-align: var(--bs-body-text-align);\">keine Haftung f\u00fcr die Inhalte externer Links. F\u00fcr den Inhalt der verlinkten Seiten sind\u00a0<\/span><span style=\"color: var( --e-global-color-text ); font-family: var( --e-global-typography-text-font-family ), Sans-serif; font-weight: var( --e-global-typography-text-font-weight ); background-color: var(--bs-body-bg); text-align: var(--bs-body-text-align);\">ausschlie\u00dflich deren Betreiber verantwortlich.<\/span><\/p><p>Rechtlicher Hinweis:<br \/><span style=\"color: var( --e-global-color-text ); font-family: var( --e-global-typography-text-font-family ), Sans-serif; font-weight: var( --e-global-typography-text-font-weight ); background-color: var(--bs-body-bg); text-align: var(--bs-body-text-align);\">Die EU hat ein Online-Verfahren zur Beilegung von Streitigkeiten\u00a0<\/span><span style=\"color: var( --e-global-color-text ); font-family: var( --e-global-typography-text-font-family ), Sans-serif; font-weight: var( --e-global-typography-text-font-weight ); background-color: var(--bs-body-bg); text-align: var(--bs-body-text-align);\">zwischen Unternehmen und Verbrauchern geschaffen. Informationen dazu finden Sie unter\u00a0<\/span><span style=\"color: var( --e-global-color-text ); font-family: var( --e-global-typography-text-font-family ), Sans-serif; font-weight: var( --e-global-typography-text-font-weight ); background-color: var(--bs-body-bg); text-align: var(--bs-body-text-align);\">https:\/\/ec.europa.eu\/consumers\/odr\/<\/span><\/p><p>Die ixchange.me ideas &amp; pioneers GmbH beteiligt sich nicht an einem\u00a0<span style=\"color: var( --e-global-color-text ); font-family: var( --e-global-typography-text-font-family ), Sans-serif; font-weight: var( --e-global-typography-text-font-weight ); background-color: var(--bs-body-bg); text-align: var(--bs-body-text-align);\">Streitbeilegungsverfahren vor einer Verbraucherschlichtungsstelle.<\/span><\/p><p>Es gilt die Datenschutzerkl\u00e4rung der ixchange.me ideas &amp; pioneers GmbH.<\/p>\t\t\t\t\t\t\t\t<\/div>\n\t\t\t\t<\/div>\n\t\t\t\t\t<\/div>\n\t\t<\/div>\n\t\t\t\t\t<\/div>\n\t\t<\/section>\n\t\t\t\t<\/div>\n\t\t","protected":false},"excerpt":{"rendered":"<p>Verantwortlich f\u00fcr dieses Angebot gem\u00e4\u00df \u00a7 18 Abs.1 MStV. : ixchange.me ideas &amp; pioneers GmbHKellergasse 2274223 Flein Vertreten durch:Dr. Shabo Simon, Thomas Scholz, Christian Preis Kontakt:Telefon: +49 (0) 71312030328Telefax: +49 (0) 123 44 55 99Email: info@aalborg-it.comHandelsregister: HRB 787252 Registergericht: StuttgartUmsatzsteueridentifikationsnummer gem\u00e4\u00df \u00a727a Umsatzsteuergesetz:DE356870568 Inhaltlich verantwortlich gem\u00e4\u00df \u00a718 Abs.2 MStV:Dr. Shabo Simon Alle Rechte vorbehalten. Jegliche [&hellip;]<\/p>\n","protected":false},"author":1,"featured_media":0,"parent":0,"menu_order":0,"comment_status":"closed","ping_status":"closed","template":"","meta":{"inline_featured_image":false,"footnotes":""},"class_list":["post-76384","page","type-page","status-publish","hentry"],"yoast_head":"<!-- This site is optimized with the Yoast SEO plugin v27.2 - https:\/\/yoast.com\/product\/yoast-seo-wordpress\/ -->\n<title>Impressum - Aalborg IT<\/title>\n<meta name=\"robots\" content=\"index, follow, max-snippet:-1, max-image-preview:large, max-video-preview:-1\" \/>\n<link rel=\"canonical\" href=\"https:\/\/aalborg-it.com\/de\/impressum\/\" \/>\n<meta property=\"og:locale\" content=\"de_DE\" \/>\n<meta property=\"og:type\" content=\"article\" \/>\n<meta property=\"og:title\" content=\"Impressum - Aalborg IT\" \/>\n<meta property=\"og:description\" content=\"Verantwortlich f\u00fcr dieses Angebot gem\u00e4\u00df \u00a7 18 Abs.1 MStV. : ixchange.me ideas &amp; pioneers GmbHKellergasse 2274223 Flein Vertreten durch:Dr. Shabo Simon, Thomas Scholz, Christian Preis Kontakt:Telefon: +49 (0) 71312030328Telefax: +49 (0) 123 44 55 99Email: info@aalborg-it.comHandelsregister: HRB 787252 Registergericht: StuttgartUmsatzsteueridentifikationsnummer gem\u00e4\u00df \u00a727a Umsatzsteuergesetz:DE356870568 Inhaltlich verantwortlich gem\u00e4\u00df \u00a718 Abs.2 MStV:Dr. Shabo Simon Alle Rechte vorbehalten. Jegliche [&hellip;]\" \/>\n<meta property=\"og:url\" content=\"https:\/\/aalborg-it.com\/de\/impressum\/\" \/>\n<meta property=\"og:site_name\" content=\"Aalborg IT\" \/>\n<meta property=\"article:modified_time\" content=\"2025-07-11T23:16:19+00:00\" \/>\n<meta name=\"twitter:card\" content=\"summary_large_image\" \/>\n<meta name=\"twitter:label1\" content=\"Gesch\u00e4tzte Lesezeit\" \/>\n\t<meta name=\"twitter:data1\" content=\"2\u00a0Minuten\" \/>\n<script type=\"application\/ld+json\" class=\"yoast-schema-graph\">{\"@context\":\"https:\/\/schema.org\",\"@graph\":[{\"@type\":\"WebPage\",\"@id\":\"https:\/\/aalborg-it.com\/de\/impressum\/\",\"url\":\"https:\/\/aalborg-it.com\/de\/impressum\/\",\"name\":\"Impressum - Aalborg IT\",\"isPartOf\":{\"@id\":\"https:\/\/aalborg-it.com\/#website\"},\"datePublished\":\"2024-03-24T09:13:12+00:00\",\"dateModified\":\"2025-07-11T23:16:19+00:00\",\"breadcrumb\":{\"@id\":\"https:\/\/aalborg-it.com\/de\/impressum\/#breadcrumb\"},\"inLanguage\":\"de\",\"potentialAction\":[{\"@type\":\"ReadAction\",\"target\":[\"https:\/\/aalborg-it.com\/de\/impressum\/\"]}]},{\"@type\":\"BreadcrumbList\",\"@id\":\"https:\/\/aalborg-it.com\/de\/impressum\/#breadcrumb\",\"itemListElement\":[{\"@type\":\"ListItem\",\"position\":1,\"name\":\"Home\",\"item\":\"https:\/\/aalborg-it.com\/\"},{\"@type\":\"ListItem\",\"position\":2,\"name\":\"Impressum\"}]},{\"@type\":\"WebSite\",\"@id\":\"https:\/\/aalborg-it.com\/#website\",\"url\":\"https:\/\/aalborg-it.com\/\",\"name\":\"Aalborg IT\",\"description\":\"Elevate your ideas.\",\"publisher\":{\"@id\":\"https:\/\/aalborg-it.com\/#organization\"},\"potentialAction\":[{\"@type\":\"SearchAction\",\"target\":{\"@type\":\"EntryPoint\",\"urlTemplate\":\"https:\/\/aalborg-it.com\/?s={search_term_string}\"},\"query-input\":{\"@type\":\"PropertyValueSpecification\",\"valueRequired\":true,\"valueName\":\"search_term_string\"}}],\"inLanguage\":\"de\"},{\"@type\":\"Organization\",\"@id\":\"https:\/\/aalborg-it.com\/#organization\",\"name\":\"Aalborg IT\",\"url\":\"https:\/\/aalborg-it.com\/\",\"logo\":{\"@type\":\"ImageObject\",\"inLanguage\":\"de\",\"@id\":\"https:\/\/aalborg-it.com\/#\/schema\/logo\/image\/\",\"url\":\"https:\/\/aalborg-it.com\/wp-content\/uploads\/2020\/09\/cropped-Logo-CDR.png\",\"contentUrl\":\"https:\/\/aalborg-it.com\/wp-content\/uploads\/2020\/09\/cropped-Logo-CDR.png\",\"width\":512,\"height\":512,\"caption\":\"Aalborg IT\"},\"image\":{\"@id\":\"https:\/\/aalborg-it.com\/#\/schema\/logo\/image\/\"},\"sameAs\":[\"https:\/\/www.linkedin.com\/company\/aalborg-it\"]}]}<\/script>\n<!-- \/ Yoast SEO plugin. -->","yoast_head_json":{"title":"Impressum - Aalborg IT","robots":{"index":"index","follow":"follow","max-snippet":"max-snippet:-1","max-image-preview":"max-image-preview:large","max-video-preview":"max-video-preview:-1"},"canonical":"https:\/\/aalborg-it.com\/de\/impressum\/","og_locale":"de_DE","og_type":"article","og_title":"Impressum - Aalborg IT","og_description":"Verantwortlich f\u00fcr dieses Angebot gem\u00e4\u00df \u00a7 18 Abs.1 MStV. : ixchange.me ideas &amp; pioneers GmbHKellergasse 2274223 Flein Vertreten durch:Dr. Shabo Simon, Thomas Scholz, Christian Preis Kontakt:Telefon: +49 (0) 71312030328Telefax: +49 (0) 123 44 55 99Email: info@aalborg-it.comHandelsregister: HRB 787252 Registergericht: StuttgartUmsatzsteueridentifikationsnummer gem\u00e4\u00df \u00a727a Umsatzsteuergesetz:DE356870568 Inhaltlich verantwortlich gem\u00e4\u00df \u00a718 Abs.2 MStV:Dr. Shabo Simon Alle Rechte vorbehalten. Jegliche [&hellip;]","og_url":"https:\/\/aalborg-it.com\/de\/impressum\/","og_site_name":"Aalborg IT","article_modified_time":"2025-07-11T23:16:19+00:00","twitter_card":"summary_large_image","twitter_misc":{"Gesch\u00e4tzte Lesezeit":"2\u00a0Minuten"},"schema":{"@context":"https:\/\/schema.org","@graph":[{"@type":"WebPage","@id":"https:\/\/aalborg-it.com\/de\/impressum\/","url":"https:\/\/aalborg-it.com\/de\/impressum\/","name":"Impressum - Aalborg IT","isPartOf":{"@id":"https:\/\/aalborg-it.com\/#website"},"datePublished":"2024-03-24T09:13:12+00:00","dateModified":"2025-07-11T23:16:19+00:00","breadcrumb":{"@id":"https:\/\/aalborg-it.com\/de\/impressum\/#breadcrumb"},"inLanguage":"de","potentialAction":[{"@type":"ReadAction","target":["https:\/\/aalborg-it.com\/de\/impressum\/"]}]},{"@type":"BreadcrumbList","@id":"https:\/\/aalborg-it.com\/de\/impressum\/#breadcrumb","itemListElement":[{"@type":"ListItem","position":1,"name":"Home","item":"https:\/\/aalborg-it.com\/"},{"@type":"ListItem","position":2,"name":"Impressum"}]},{"@type":"WebSite","@id":"https:\/\/aalborg-it.com\/#website","url":"https:\/\/aalborg-it.com\/","name":"Aalborg IT","description":"Elevate your ideas.","publisher":{"@id":"https:\/\/aalborg-it.com\/#organization"},"potentialAction":[{"@type":"SearchAction","target":{"@type":"EntryPoint","urlTemplate":"https:\/\/aalborg-it.com\/?s={search_term_string}"},"query-input":{"@type":"PropertyValueSpecification","valueRequired":true,"valueName":"search_term_string"}}],"inLanguage":"de"},{"@type":"Organization","@id":"https:\/\/aalborg-it.com\/#organization","name":"Aalborg IT","url":"https:\/\/aalborg-it.com\/","logo":{"@type":"ImageObject","inLanguage":"de","@id":"https:\/\/aalborg-it.com\/#\/schema\/logo\/image\/","url":"https:\/\/aalborg-it.com\/wp-content\/uploads\/2020\/09\/cropped-Logo-CDR.png","contentUrl":"https:\/\/aalborg-it.com\/wp-content\/uploads\/2020\/09\/cropped-Logo-CDR.png","width":512,"height":512,"caption":"Aalborg IT"},"image":{"@id":"https:\/\/aalborg-it.com\/#\/schema\/logo\/image\/"},"sameAs":["https:\/\/www.linkedin.com\/company\/aalborg-it"]}]}},"_links":{"self":[{"href":"https:\/\/aalborg-it.com\/de\/wp-json\/wp\/v2\/pages\/76384","targetHints":{"allow":["GET"]}}],"collection":[{"href":"https:\/\/aalborg-it.com\/de\/wp-json\/wp\/v2\/pages"}],"about":[{"href":"https:\/\/aalborg-it.com\/de\/wp-json\/wp\/v2\/types\/page"}],"author":[{"embeddable":true,"href":"https:\/\/aalborg-it.com\/de\/wp-json\/wp\/v2\/users\/1"}],"replies":[{"embeddable":true,"href":"https:\/\/aalborg-it.com\/de\/wp-json\/wp\/v2\/comments?post=76384"}],"version-history":[{"count":31,"href":"https:\/\/aalborg-it.com\/de\/wp-json\/wp\/v2\/pages\/76384\/revisions"}],"predecessor-version":[{"id":77393,"href":"https:\/\/aalborg-it.com\/de\/wp-json\/wp\/v2\/pages\/76384\/revisions\/77393"}],"wp:attachment":[{"href":"https:\/\/aalborg-it.com\/de\/wp-json\/wp\/v2\/media?parent=76384"}],"curies":[{"name":"wp","href":"https:\/\/api.w.org\/{rel}","templated":true}]}}