{"id":76064,"date":"2020-08-24T04:47:03","date_gmt":"2020-08-24T03:47:03","guid":{"rendered":"https:\/\/staging.thehexabytesolutions.com\/beratung-zu-hause\/"},"modified":"2024-12-13T20:18:15","modified_gmt":"2024-12-13T19:18:15","slug":"beratung-zu-hause","status":"publish","type":"page","link":"https:\/\/aalborg-it.com\/de\/","title":{"rendered":"Startseite"},"content":{"rendered":"\t\t<div data-elementor-type=\"wp-page\" data-elementor-id=\"76064\" class=\"elementor elementor-76064 elementor-12769\">\n\t\t\t\t\t\t<section class=\"elementor-section elementor-top-section elementor-element elementor-element-c3e85af elementor-section-boxed elementor-section-height-default elementor-section-height-default\" data-id=\"c3e85af\" data-element_type=\"section\" data-e-type=\"section\" data-settings=\"{&quot;background_background&quot;:&quot;classic&quot;}\">\n\t\t\t\t\t\t\t<div class=\"elementor-background-overlay\"><\/div>\n\t\t\t\t\t\t\t<div class=\"elementor-container elementor-column-gap-default\">\n\t\t\t\t\t<div class=\"full-screen elementor-column elementor-col-33 elementor-top-column elementor-element elementor-element-6f29473\" data-fullscreen-column-settings=\"{&quot;fullscreen&quot;:&quot;yes&quot;}\" data-id=\"6f29473\" data-element_type=\"column\" data-e-type=\"column\">\n\t\t\t<div class=\"elementor-widget-wrap elementor-element-populated\">\n\t\t\t\t\t\t<div class=\"elementor-element elementor-element-e6f5d96 elementor-widget elementor-widget-litho-heading\" data-id=\"e6f5d96\" data-element_type=\"widget\" data-e-type=\"widget\" data-widget_type=\"litho-heading.default\">\n\t\t\t\t<div class=\"elementor-widget-container\">\n\t\t\t\t\t<span class=\"litho-heading elementor-size-default\"><span class=\"horizontal-separator\"><\/span><span class=\"litho-primary-title\">L\u00d6SUNGEN F\u00dcR IHR UNTERNEHMEN\n<\/span><\/span>\t\t\t\t<\/div>\n\t\t\t\t<\/div>\n\t\t\t\t<div class=\"elementor-element elementor-element-6f44e53 elementor-widget elementor-widget-litho-heading\" data-id=\"6f44e53\" data-element_type=\"widget\" data-e-type=\"widget\" data-widget_type=\"litho-heading.default\">\n\t\t\t\t<div class=\"elementor-widget-container\">\n\t\t\t\t\t<h2 class=\"litho-heading elementor-size-default\"><span class=\"litho-primary-title\">Wir unterst\u00fctzen Sie auf Ihrem Weg zu Ihrem Erfolg.<\/span><\/h2>\t\t\t\t<\/div>\n\t\t\t\t<\/div>\n\t\t\t\t\t<\/div>\n\t\t<\/div>\n\t\t\t\t<div class=\" elementor-column elementor-col-66 elementor-top-column elementor-element elementor-element-effeb74 elementor-hidden-phone\" data-fullscreen-column-settings=\"{&quot;fullscreen&quot;:&quot;&quot;}\" data-id=\"effeb74\" data-element_type=\"column\" data-e-type=\"column\">\n\t\t\t<div class=\"elementor-widget-wrap\">\n\t\t\t\t\t\t\t<\/div>\n\t\t<\/div>\n\t\t\t\t\t<\/div>\n\t\t<\/section>\n\t\t\t\t<section class=\"elementor-section elementor-top-section elementor-element elementor-element-7ad8f73 elementor-section-full_width elementor-section-height-default elementor-section-height-default\" data-id=\"7ad8f73\" data-element_type=\"section\" data-e-type=\"section\" data-settings=\"{&quot;background_background&quot;:&quot;classic&quot;}\">\n\t\t\t\t\t\t<div class=\"elementor-container elementor-column-gap-default\">\n\t\t\t\t\t<div class=\" elementor-column elementor-col-100 elementor-top-column elementor-element elementor-element-737d2a5\" data-fullscreen-column-settings=\"{&quot;fullscreen&quot;:&quot;&quot;}\" data-id=\"737d2a5\" data-element_type=\"column\" data-e-type=\"column\" data-settings=\"{&quot;background_background&quot;:&quot;classic&quot;}\">\n\t\t\t<div class=\"elementor-widget-wrap elementor-element-populated\">\n\t\t\t\t\t\t<div class=\"elementor-element elementor-element-54237e9 elementor-widget elementor-widget-litho-content-block\" data-id=\"54237e9\" data-element_type=\"widget\" data-e-type=\"widget\" data-settings=\"{&quot;litho_content_block_style&quot;:&quot;block-style-5&quot;}\" data-widget_type=\"litho-content-block.default\">\n\t\t\t\t<div class=\"elementor-widget-container\">\n\t\t\t\t\t\t\t\t<div class=\"content-block content-block-style-5\">\n\t\t\t\t\t\t\t\t\t\t<div class=\"content-wrap\">\t\t\t\t\t\t\t\t<div class=\"content-title-wrap\"><span class=\"title\">Unser gemeinsames Ziel: <\/span><span class=\"subtitle\">Nachhaltiger Erfolg.<\/span>\t\t\t\t\t\t\t\t<\/div><div class=\"elementor-button-wrapper litho-button-wrapper\">\n\t\t\t\t\t<a href=\"https:\/\/aalborg-it.com\/de\/kontakt\/\" class=\"elementor-align-icon-left elementor-button litho_primary_button elementor-size-sm\" role=\"button\">\t\t\t<span class=\"elementor-button-content-wrapper\">\n\t\t\t\t\t\t\t\t\t<span class=\"elementor-button-icon elementor-align-icon-left\">\n\t\t\t\t\t\t<i aria-hidden=\"true\" class=\" line-icon-Arrow-OutRight\"><\/i>\t\t\t\t\t<\/span>\n\t\t\t\t\t\t\t\t\t\t\t<\/span>\n\t\t\t<\/a>\n\t\t\t\t<\/div><\/div>\n\t\t\t\t\t\t\t\t\t<\/div>\n\t\t\t\t\t\t\t<\/div>\n\t\t\t\t<\/div>\n\t\t\t\t\t<\/div>\n\t\t<\/div>\n\t\t\t\t\t<\/div>\n\t\t<\/section>\n\t\t\t\t<section class=\"elementor-section elementor-top-section elementor-element elementor-element-c3a9982 elementor-section-content-middle elementor-section-boxed elementor-section-height-default elementor-section-height-default\" data-id=\"c3a9982\" data-element_type=\"section\" data-e-type=\"section\" data-settings=\"{&quot;background_background&quot;:&quot;classic&quot;}\">\n\t\t\t\t\t\t<div class=\"elementor-container elementor-column-gap-default\">\n\t\t\t\t\t<div class=\" elementor-column elementor-col-33 elementor-top-column elementor-element elementor-element-5d8177e elementor-invisible\" data-fullscreen-column-settings=\"{&quot;fullscreen&quot;:&quot;&quot;}\" data-id=\"5d8177e\" data-element_type=\"column\" data-e-type=\"column\" data-settings=\"{&quot;animation&quot;:&quot;fadeIn&quot;}\">\n\t\t\t<div class=\"elementor-widget-wrap elementor-element-populated\">\n\t\t\t\t\t\t<div class=\"elementor-element elementor-element-fb37b47 elementor-widget__width-initial elementor-widget-mobile__width-inherit elementor-widget-tablet__width-initial elementor-widget elementor-widget-litho-heading\" data-id=\"fb37b47\" data-element_type=\"widget\" data-e-type=\"widget\" data-widget_type=\"litho-heading.default\">\n\t\t\t\t<div class=\"elementor-widget-container\">\n\t\t\t\t\t<h4 class=\"litho-heading elementor-size-default\"><span class=\"litho-primary-title\">Wir nehmen die Herausforderung an: Gemeinsam bringen wir Ihr Unternehmen nach vorne.<\/span><\/h4>\t\t\t\t<\/div>\n\t\t\t\t<\/div>\n\t\t\t\t<div class=\"elementor-element elementor-element-9a8cc01 elementor-widget__width-initial elementor-widget-mobile__width-initial elementor-widget-tablet__width-initial elementor-widget elementor-widget-text-editor\" data-id=\"9a8cc01\" data-element_type=\"widget\" data-e-type=\"widget\" data-widget_type=\"text-editor.default\">\n\t\t\t\t<div class=\"elementor-widget-container\">\n\t\t\t\t\t\t\t\t\t<p><b>Aalborg-IT Consulting: L\u00f6sungen und Dienstleistungen sind unsere St\u00e4rken<\/b><\/p><p><i>Sie haben eine Idee?<\/i><\/p><p><i>Sie haben ein Projekt?<\/i><\/p><p><i>Sie m\u00f6chten eine L\u00f6sung implementieren?<\/i><\/p><p><i>Sie m\u00f6chten Software in einer agilen Arbeitsumgebung entwickeln?<\/i><\/p><p>Wir helfen Ihnen dabei. Dank unserer jahrelangen Beratungserfahrung\u00a0<span style=\"color: var( --e-global-color-text ); font-family: var( --e-global-typography-text-font-family ), Sans-serif; font-weight: var( --e-global-typography-text-font-weight ); background-color: var(--bs-body-bg); text-align: var(--bs-body-text-align);\">\u00a0k\u00f6nnen wir Ihnen die ma\u00dfgeschneiderte L\u00f6sungen und die Dienstleistungen anbieten, die Sie ben\u00f6tigen, um Ihr Gesch\u00e4ft voranzutreiben.<\/span><\/p><p>Sollten Sie Arbeitskr\u00e4fte suchen, k\u00f6nnen wir Sie dabei unterst\u00fctzen. Wir verf\u00fcgen \u00fcber ein breites Netzwerk und k\u00f6nnen Ihnen die Arbeitskr\u00e4fte vermitteln, die Ihr Unternehmen ben\u00f6tigt.\u00a0<\/p><p>Sie haben die freie Wahl und k\u00f6nnen zwischen hochqualifizierten Fachleuten f\u00fcr Ihr Projekt suchen, die genau Ihrem Anforderungsprofil entsprechen. Oder Sie k\u00f6nnen Projekte bzw. Teilprojekte auslagern. In diesem Fall stellen wir Ihnen einen &#8222;Product Owner&#8220; vor. Dieser &#8222;Product Owner&#8220; kommuniziert in Ihrer Muttersprache mit Ihnen und k\u00fcmmert sich vollst\u00e4ndig um die ihm zugewiesenen Arbeitsbereiche.<\/p>\t\t\t\t\t\t\t\t<\/div>\n\t\t\t\t<\/div>\n\t\t\t\t<div class=\"elementor-element elementor-element-1d13f9e elementor-icon-list--layout-traditional elementor-widget elementor-widget-litho-lists\" data-id=\"1d13f9e\" data-element_type=\"widget\" data-e-type=\"widget\" data-widget_type=\"litho-lists.default\">\n\t\t\t\t<div class=\"elementor-widget-container\">\n\t\t\t\t\t\t\t\t<ul class=\"elementor-icon-list-items\">\n\t\t\t\t\t\t\t\t\t<li class=\"elementor-icon-list-item list-item\">\n\t\t\t\t\t\t\t\t\t\t\t\t\t<span class=\"elementor-icon-list-icon\">\n\t\t\t\t\t\t\t\t<i aria-hidden=\"true\" class=\"fa-solid fa-check\"><\/i>\t\t\t\t\t\t\t<\/span>\n\t\t\t\t\t\t\t\t\t\t\t\t<span class=\"elementor-icon-list-text\"> Eine Zusammenarbeit mit uns bringt Sie an Ihr Ziel.<\/span>\n\t\t\t\t\t\t\t\t\t\t\t<\/li>\n\t\t\t\t\t\t\t\t\t\t<li class=\"elementor-icon-list-item list-item\">\n\t\t\t\t\t\t\t\t\t\t\t\t\t<span class=\"elementor-icon-list-icon\">\n\t\t\t\t\t\t\t\t<i aria-hidden=\"true\" class=\"fa-solid fa-check\"><\/i>\t\t\t\t\t\t\t<\/span>\n\t\t\t\t\t\t\t\t\t\t\t\t<span class=\"elementor-icon-list-text\">Wir unterst\u00fctzen Sie bei Ihrem Arbeitsprozess.<\/span>\n\t\t\t\t\t\t\t\t\t\t\t<\/li>\n\t\t\t\t\t\t\t\t\t\t<li class=\"elementor-icon-list-item list-item\">\n\t\t\t\t\t\t\t\t\t\t\t\t\t<span class=\"elementor-icon-list-icon\">\n\t\t\t\t\t\t\t\t<i aria-hidden=\"true\" class=\"fa-solid fa-check\"><\/i>\t\t\t\t\t\t\t<\/span>\n\t\t\t\t\t\t\t\t\t\t\t\t<span class=\"elementor-icon-list-text\">Nutzen Sie unser Wissen und Erfahrung und sichern Sie sich einen Wettwerbsvorteil.<\/span>\n\t\t\t\t\t\t\t\t\t\t\t<\/li>\n\t\t\t\t\t\t\t\t<\/ul>\n\t\t\t\t\t\t\t<\/div>\n\t\t\t\t<\/div>\n\t\t\t\t\t<\/div>\n\t\t<\/div>\n\t\t\t\t<div class=\" elementor-column elementor-col-33 elementor-top-column elementor-element elementor-element-8d1b1c9\" data-fullscreen-column-settings=\"{&quot;fullscreen&quot;:&quot;&quot;}\" data-id=\"8d1b1c9\" data-element_type=\"column\" data-e-type=\"column\">\n\t\t\t<div class=\"elementor-widget-wrap\">\n\t\t\t\t\t\t\t<\/div>\n\t\t<\/div>\n\t\t\t\t<div class=\" elementor-column elementor-col-33 elementor-top-column elementor-element elementor-element-ee78db2 elementor-invisible\" data-fullscreen-column-settings=\"{&quot;fullscreen&quot;:&quot;&quot;}\" data-id=\"ee78db2\" data-element_type=\"column\" data-e-type=\"column\" data-settings=\"{&quot;animation&quot;:&quot;fadeIn&quot;,&quot;animation_delay&quot;:200}\">\n\t\t\t<div class=\"elementor-widget-wrap elementor-element-populated\">\n\t\t\t\t\t\t<div class=\"elementor-element elementor-element-970f29b elementor-widget elementor-widget-image\" data-id=\"970f29b\" data-element_type=\"widget\" data-e-type=\"widget\" data-widget_type=\"image.default\">\n\t\t\t\t<div class=\"elementor-widget-container\">\n\t\t\t\t\t\t\t\t\t\t\t\t\t\t\t<img fetchpriority=\"high\" decoding=\"async\" width=\"2560\" height=\"1714\" src=\"https:\/\/aalborg-it.com\/wp-content\/uploads\/2024\/04\/strasse-scaled.jpg\" class=\"attachment-full size-full wp-image-76574\" alt=\"\" srcset=\"https:\/\/aalborg-it.com\/wp-content\/uploads\/2024\/04\/strasse-scaled.jpg 2560w, https:\/\/aalborg-it.com\/wp-content\/uploads\/2024\/04\/strasse-300x201.jpg 300w, https:\/\/aalborg-it.com\/wp-content\/uploads\/2024\/04\/strasse-1024x685.jpg 1024w, https:\/\/aalborg-it.com\/wp-content\/uploads\/2024\/04\/strasse-768x514.jpg 768w, https:\/\/aalborg-it.com\/wp-content\/uploads\/2024\/04\/strasse-1536x1028.jpg 1536w, https:\/\/aalborg-it.com\/wp-content\/uploads\/2024\/04\/strasse-2048x1371.jpg 2048w, https:\/\/aalborg-it.com\/wp-content\/uploads\/2024\/04\/strasse-200x134.jpg 200w, https:\/\/aalborg-it.com\/wp-content\/uploads\/2024\/04\/strasse-1568x1050.jpg 1568w\" sizes=\"(max-width: 2560px) 100vw, 2560px\" \/>\t\t\t\t\t\t\t\t\t\t\t\t\t\t\t<\/div>\n\t\t\t\t<\/div>\n\t\t\t\t\t<\/div>\n\t\t<\/div>\n\t\t\t\t\t<\/div>\n\t\t<\/section>\n\t\t\t\t<\/div>\n\t\t","protected":false},"excerpt":{"rendered":"<p>L\u00d6SUNGEN F\u00dcR IHR UNTERNEHMEN Wir unterst\u00fctzen Sie auf Ihrem Weg zu Ihrem Erfolg. Unser gemeinsames Ziel: Nachhaltiger Erfolg. Wir nehmen die Herausforderung an: Gemeinsam bringen wir Ihr Unternehmen nach vorne. Aalborg-IT Consulting: L\u00f6sungen und Dienstleistungen sind unsere St\u00e4rken Sie haben eine Idee? Sie haben ein Projekt? Sie m\u00f6chten eine L\u00f6sung implementieren? Sie m\u00f6chten Software in [&hellip;]<\/p>\n","protected":false},"author":1,"featured_media":0,"parent":0,"menu_order":0,"comment_status":"closed","ping_status":"closed","template":"","meta":{"inline_featured_image":false,"footnotes":""},"class_list":["post-76064","page","type-page","status-publish","hentry"],"yoast_head":"<!-- This site is optimized with the Yoast SEO plugin v27.2 - https:\/\/yoast.com\/product\/yoast-seo-wordpress\/ -->\n<title>Startseite - Aalborg IT<\/title>\n<meta name=\"robots\" content=\"index, follow, max-snippet:-1, max-image-preview:large, max-video-preview:-1\" \/>\n<link rel=\"canonical\" href=\"https:\/\/aalborg-it.com\/\" \/>\n<meta property=\"og:locale\" content=\"de_DE\" \/>\n<meta property=\"og:type\" content=\"article\" \/>\n<meta property=\"og:title\" content=\"Startseite - Aalborg IT\" \/>\n<meta property=\"og:description\" content=\"L\u00d6SUNGEN F\u00dcR IHR UNTERNEHMEN Wir unterst\u00fctzen Sie auf Ihrem Weg zu Ihrem Erfolg. Unser gemeinsames Ziel: Nachhaltiger Erfolg. Wir nehmen die Herausforderung an: Gemeinsam bringen wir Ihr Unternehmen nach vorne. Aalborg-IT Consulting: L\u00f6sungen und Dienstleistungen sind unsere St\u00e4rken Sie haben eine Idee? Sie haben ein Projekt? Sie m\u00f6chten eine L\u00f6sung implementieren? Sie m\u00f6chten Software in [&hellip;]\" \/>\n<meta property=\"og:url\" content=\"https:\/\/aalborg-it.com\/\" \/>\n<meta property=\"og:site_name\" content=\"Aalborg IT\" \/>\n<meta property=\"article:modified_time\" content=\"2024-12-13T19:18:15+00:00\" \/>\n<meta property=\"og:image\" content=\"https:\/\/aalborg-it.com\/wp-content\/uploads\/2024\/04\/strasse-scaled.jpg\" \/>\n\t<meta property=\"og:image:width\" content=\"2560\" \/>\n\t<meta property=\"og:image:height\" content=\"1714\" \/>\n\t<meta property=\"og:image:type\" content=\"image\/jpeg\" \/>\n<meta name=\"twitter:card\" content=\"summary_large_image\" \/>\n<meta name=\"twitter:label1\" content=\"Gesch\u00e4tzte Lesezeit\" \/>\n\t<meta name=\"twitter:data1\" content=\"2\u00a0Minuten\" \/>\n<script type=\"application\/ld+json\" class=\"yoast-schema-graph\">{\"@context\":\"https:\/\/schema.org\",\"@graph\":[{\"@type\":\"WebPage\",\"@id\":\"https:\/\/aalborg-it.com\/\",\"url\":\"https:\/\/aalborg-it.com\/\",\"name\":\"Startseite - Aalborg IT\",\"isPartOf\":{\"@id\":\"https:\/\/aalborg-it.com\/#website\"},\"primaryImageOfPage\":{\"@id\":\"https:\/\/aalborg-it.com\/#primaryimage\"},\"image\":{\"@id\":\"https:\/\/aalborg-it.com\/#primaryimage\"},\"thumbnailUrl\":\"https:\/\/aalborg-it.com\/wp-content\/uploads\/2024\/04\/strasse-scaled.jpg\",\"datePublished\":\"2020-08-24T03:47:03+00:00\",\"dateModified\":\"2024-12-13T19:18:15+00:00\",\"breadcrumb\":{\"@id\":\"https:\/\/aalborg-it.com\/#breadcrumb\"},\"inLanguage\":\"de\",\"potentialAction\":[{\"@type\":\"ReadAction\",\"target\":[\"https:\/\/aalborg-it.com\/\"]}]},{\"@type\":\"ImageObject\",\"inLanguage\":\"de\",\"@id\":\"https:\/\/aalborg-it.com\/#primaryimage\",\"url\":\"https:\/\/aalborg-it.com\/wp-content\/uploads\/2024\/04\/strasse-scaled.jpg\",\"contentUrl\":\"https:\/\/aalborg-it.com\/wp-content\/uploads\/2024\/04\/strasse-scaled.jpg\"},{\"@type\":\"BreadcrumbList\",\"@id\":\"https:\/\/aalborg-it.com\/#breadcrumb\",\"itemListElement\":[{\"@type\":\"ListItem\",\"position\":1,\"name\":\"Home\",\"item\":\"https:\/\/aalborg-it.com\/\"},{\"@type\":\"ListItem\",\"position\":2,\"name\":\"Startseite\"}]},{\"@type\":\"WebSite\",\"@id\":\"https:\/\/aalborg-it.com\/#website\",\"url\":\"https:\/\/aalborg-it.com\/\",\"name\":\"Aalborg IT\",\"description\":\"Elevate your ideas.\",\"publisher\":{\"@id\":\"https:\/\/aalborg-it.com\/#organization\"},\"potentialAction\":[{\"@type\":\"SearchAction\",\"target\":{\"@type\":\"EntryPoint\",\"urlTemplate\":\"https:\/\/aalborg-it.com\/?s={search_term_string}\"},\"query-input\":{\"@type\":\"PropertyValueSpecification\",\"valueRequired\":true,\"valueName\":\"search_term_string\"}}],\"inLanguage\":\"de\"},{\"@type\":\"Organization\",\"@id\":\"https:\/\/aalborg-it.com\/#organization\",\"name\":\"Aalborg IT\",\"url\":\"https:\/\/aalborg-it.com\/\",\"logo\":{\"@type\":\"ImageObject\",\"inLanguage\":\"de\",\"@id\":\"https:\/\/aalborg-it.com\/#\/schema\/logo\/image\/\",\"url\":\"https:\/\/aalborg-it.com\/wp-content\/uploads\/2020\/09\/cropped-Logo-CDR.png\",\"contentUrl\":\"https:\/\/aalborg-it.com\/wp-content\/uploads\/2020\/09\/cropped-Logo-CDR.png\",\"width\":512,\"height\":512,\"caption\":\"Aalborg IT\"},\"image\":{\"@id\":\"https:\/\/aalborg-it.com\/#\/schema\/logo\/image\/\"},\"sameAs\":[\"https:\/\/www.linkedin.com\/company\/aalborg-it\"]}]}<\/script>\n<!-- \/ Yoast SEO plugin. -->","yoast_head_json":{"title":"Startseite - Aalborg IT","robots":{"index":"index","follow":"follow","max-snippet":"max-snippet:-1","max-image-preview":"max-image-preview:large","max-video-preview":"max-video-preview:-1"},"canonical":"https:\/\/aalborg-it.com\/","og_locale":"de_DE","og_type":"article","og_title":"Startseite - Aalborg IT","og_description":"L\u00d6SUNGEN F\u00dcR IHR UNTERNEHMEN Wir unterst\u00fctzen Sie auf Ihrem Weg zu Ihrem Erfolg. Unser gemeinsames Ziel: Nachhaltiger Erfolg. Wir nehmen die Herausforderung an: Gemeinsam bringen wir Ihr Unternehmen nach vorne. Aalborg-IT Consulting: L\u00f6sungen und Dienstleistungen sind unsere St\u00e4rken Sie haben eine Idee? Sie haben ein Projekt? Sie m\u00f6chten eine L\u00f6sung implementieren? Sie m\u00f6chten Software in [&hellip;]","og_url":"https:\/\/aalborg-it.com\/","og_site_name":"Aalborg IT","article_modified_time":"2024-12-13T19:18:15+00:00","og_image":[{"width":2560,"height":1714,"url":"https:\/\/aalborg-it.com\/wp-content\/uploads\/2024\/04\/strasse-scaled.jpg","type":"image\/jpeg"}],"twitter_card":"summary_large_image","twitter_misc":{"Gesch\u00e4tzte Lesezeit":"2\u00a0Minuten"},"schema":{"@context":"https:\/\/schema.org","@graph":[{"@type":"WebPage","@id":"https:\/\/aalborg-it.com\/","url":"https:\/\/aalborg-it.com\/","name":"Startseite - Aalborg IT","isPartOf":{"@id":"https:\/\/aalborg-it.com\/#website"},"primaryImageOfPage":{"@id":"https:\/\/aalborg-it.com\/#primaryimage"},"image":{"@id":"https:\/\/aalborg-it.com\/#primaryimage"},"thumbnailUrl":"https:\/\/aalborg-it.com\/wp-content\/uploads\/2024\/04\/strasse-scaled.jpg","datePublished":"2020-08-24T03:47:03+00:00","dateModified":"2024-12-13T19:18:15+00:00","breadcrumb":{"@id":"https:\/\/aalborg-it.com\/#breadcrumb"},"inLanguage":"de","potentialAction":[{"@type":"ReadAction","target":["https:\/\/aalborg-it.com\/"]}]},{"@type":"ImageObject","inLanguage":"de","@id":"https:\/\/aalborg-it.com\/#primaryimage","url":"https:\/\/aalborg-it.com\/wp-content\/uploads\/2024\/04\/strasse-scaled.jpg","contentUrl":"https:\/\/aalborg-it.com\/wp-content\/uploads\/2024\/04\/strasse-scaled.jpg"},{"@type":"BreadcrumbList","@id":"https:\/\/aalborg-it.com\/#breadcrumb","itemListElement":[{"@type":"ListItem","position":1,"name":"Home","item":"https:\/\/aalborg-it.com\/"},{"@type":"ListItem","position":2,"name":"Startseite"}]},{"@type":"WebSite","@id":"https:\/\/aalborg-it.com\/#website","url":"https:\/\/aalborg-it.com\/","name":"Aalborg IT","description":"Elevate your ideas.","publisher":{"@id":"https:\/\/aalborg-it.com\/#organization"},"potentialAction":[{"@type":"SearchAction","target":{"@type":"EntryPoint","urlTemplate":"https:\/\/aalborg-it.com\/?s={search_term_string}"},"query-input":{"@type":"PropertyValueSpecification","valueRequired":true,"valueName":"search_term_string"}}],"inLanguage":"de"},{"@type":"Organization","@id":"https:\/\/aalborg-it.com\/#organization","name":"Aalborg IT","url":"https:\/\/aalborg-it.com\/","logo":{"@type":"ImageObject","inLanguage":"de","@id":"https:\/\/aalborg-it.com\/#\/schema\/logo\/image\/","url":"https:\/\/aalborg-it.com\/wp-content\/uploads\/2020\/09\/cropped-Logo-CDR.png","contentUrl":"https:\/\/aalborg-it.com\/wp-content\/uploads\/2020\/09\/cropped-Logo-CDR.png","width":512,"height":512,"caption":"Aalborg IT"},"image":{"@id":"https:\/\/aalborg-it.com\/#\/schema\/logo\/image\/"},"sameAs":["https:\/\/www.linkedin.com\/company\/aalborg-it"]}]}},"_links":{"self":[{"href":"https:\/\/aalborg-it.com\/de\/wp-json\/wp\/v2\/pages\/76064","targetHints":{"allow":["GET"]}}],"collection":[{"href":"https:\/\/aalborg-it.com\/de\/wp-json\/wp\/v2\/pages"}],"about":[{"href":"https:\/\/aalborg-it.com\/de\/wp-json\/wp\/v2\/types\/page"}],"author":[{"embeddable":true,"href":"https:\/\/aalborg-it.com\/de\/wp-json\/wp\/v2\/users\/1"}],"replies":[{"embeddable":true,"href":"https:\/\/aalborg-it.com\/de\/wp-json\/wp\/v2\/comments?post=76064"}],"version-history":[{"count":54,"href":"https:\/\/aalborg-it.com\/de\/wp-json\/wp\/v2\/pages\/76064\/revisions"}],"predecessor-version":[{"id":77317,"href":"https:\/\/aalborg-it.com\/de\/wp-json\/wp\/v2\/pages\/76064\/revisions\/77317"}],"wp:attachment":[{"href":"https:\/\/aalborg-it.com\/de\/wp-json\/wp\/v2\/media?parent=76064"}],"curies":[{"name":"wp","href":"https:\/\/api.w.org\/{rel}","templated":true}]}}